{"id":15,"date":"2022-08-01T15:40:17","date_gmt":"2022-08-01T13:40:17","guid":{"rendered":"http:\/\/initinere.fr\/?page_id=15"},"modified":"2022-12-20T10:58:10","modified_gmt":"2022-12-20T09:58:10","slug":"refund_returns-2","status":"publish","type":"page","link":"https:\/\/initinere.fr\/?page_id=15","title":{"rendered":"CGU"},"content":{"rendered":"\t\t<div data-elementor-type=\"wp-page\" data-elementor-id=\"15\" class=\"elementor elementor-15\">\n\t\t\t\t\t\t<section class=\"elementor-section elementor-top-section elementor-element elementor-element-60b05150 elementor-section-boxed elementor-section-height-default elementor-section-height-default qodef-elementor-content-no\" data-id=\"60b05150\" data-element_type=\"section\">\n\t\t\t\t\t\t<div class=\"elementor-container elementor-column-gap-default\">\n\t\t\t\t\t<div class=\"elementor-column elementor-col-100 elementor-top-column elementor-element elementor-element-8717037\" data-id=\"8717037\" data-element_type=\"column\">\n\t\t\t<div class=\"elementor-widget-wrap elementor-element-populated\">\n\t\t\t\t\t\t<div class=\"elementor-element elementor-element-867f2c0 elementor-widget elementor-widget-text-editor\" data-id=\"867f2c0\" data-element_type=\"widget\" data-widget_type=\"text-editor.default\">\n\t\t\t\t<div class=\"elementor-widget-container\">\n\t\t\t\t\t\t\t\t\t\n<h3>Conditions g\u00e9n\u00e9rales d&rsquo;utilisation (CGU)<\/h3>\n\n<p style=\"font-weight: 400;\"><strong>Droits d\u2019auteurs et cr\u00e9dits photographiques<\/strong><\/p>\n<p style=\"font-weight: 400;\">Les contenus mis en ligne par les auteurs du site <a href=\"http:\/\/initinere.fr\/\">initinere.fr<\/a> ne sauraient \u00eatre reproduits librement sans l\u2019indication de la source.<\/p>\n<p style=\"font-weight: 400;\">Les photos pr\u00e9sentes sur ce site ne sont pas libres de droit et proviennent de sources diff\u00e9rentes (photos \u00a9iStock &#8211; \u00a9Unsplash &#8211; \u00a9Sophie Loubaton).<\/p>\n<p>\u00a0<\/p>\n<p><strong>Charte de protection des donn\u00e9es personnelles<\/strong><\/p>\n<p style=\"font-weight: 400;\">En France, les donn\u00e9es personnelles sont notamment prot\u00e9g\u00e9es par la loi n\u00b0 78-87 du 6 janvier 1978, la loi n\u00b0 2004-801 du 6 ao\u00fbt 2004, l\u2019article L. 226-13 du Code p\u00e9nal et la Directive Europ\u00e9enne du 24 octobre 1995.<\/p>\n<p style=\"font-weight: 400;\">En tout \u00e9tat de cause IN ITINERE ne collecte aucune information personnelle autre que les informations fournies par l\u2019utilisateur lui-m\u00eame par le biais du formulaire de contact. L\u2019utilisateur fournit alors son nom, pr\u00e9nom et mail, en toute connaissance de cause, notamment car il proc\u00e8de par lui-m\u00eame \u00e0 leur saisie. Il est alors pr\u00e9cis\u00e9 \u00e0 l\u2019utilisateur du site <a href=\"http:\/\/initinere.fr\/\">initinere.fr<\/a> l\u2019obligation ou non de fournir ces informations.<\/p>\n<p style=\"font-weight: 400;\">Les donn\u00e9es \u00e0 caract\u00e8re personnel que nous sommes amen\u00e9s \u00e0 collecter sont conserv\u00e9es au maximum pour une dur\u00e9e de 3 ans.\u00a0<\/p>\n<p style=\"font-weight: 400;\">Conform\u00e9ment aux dispositions des articles 38 et suivants de la loi 78-17 du 6 janvier 1978 relative \u00e0 l\u2019informatique, aux fichiers et aux libert\u00e9s, tout utilisateur dispose d\u2019un droit d\u2019acc\u00e8s, de rectification et d\u2019opposition aux donn\u00e9es personnelles le concernant, en effectuant sa demande \u00e9crite et sign\u00e9e, accompagn\u00e9e d\u2019une copie du titre d\u2019identit\u00e9 avec signature du titulaire de la pi\u00e8ce, en pr\u00e9cisant l\u2019adresse \u00e0 laquelle la r\u00e9ponse doit \u00eatre envoy\u00e9e.<\/p>\n<p style=\"font-weight: 400;\">Aucune information personnelle de l\u2019utilisateur du site <a href=\"http:\/\/initinere.fr\/\">initinere.fr<\/a> n\u2019est publi\u00e9e \u00e0 l\u2019insu de l\u2019utilisateur, \u00e9chang\u00e9e, transf\u00e9r\u00e9e, c\u00e9d\u00e9e ou vendue sur un support quelconque \u00e0 des tiers. Seule l\u2019hypoth\u00e8se du rachat du site et de ses droits permettrait la transmission des dites informations \u00e0 l\u2019\u00e9ventuel acqu\u00e9reur qui serait \u00e0 son tour tenu de la m\u00eame obligation de conservation et de modification des donn\u00e9es vis-\u00e0-vis de l\u2019utilisateur du site <a href=\"http:\/\/initinere.fr\/\">initinere.fr<\/a>.<\/p>\n<p style=\"font-weight: 400;\">Le site n\u2019est pas d\u00e9clar\u00e9 \u00e0 la CNIL car il ne recueille pas d\u2019informations personnelles.<\/p>\n<p style=\"font-weight: 400;\">Les bases de donn\u00e9es sont prot\u00e9g\u00e9es par les dispositions de la loi du 1er juillet 1998 transposant la directive 96\/9 du 11 mars 1996 relative \u00e0 la protection juridique des bases de donn\u00e9es.<\/p>\n<p>\u00a0<\/p>\n<p>\u00a0<\/p>\n<p style=\"font-weight: 400;\"><strong>GESTION DES COOKIES<\/strong><\/p>\n<p style=\"font-weight: 400;\">Le terme de \u00ab cookies \u00bb regroupe l\u2019ensemble des traceurs d\u00e9pos\u00e9s lors de la consultation d\u2019un site internet, de la lecture d\u2019un courrier \u00e9lectronique, de l\u2019utilisation d\u2019un logiciel ou d\u2019une application mobile notamment. Il s\u2019agit d\u2019un fichier texte que le site que vous visitez enregistre sur votre disque dur ou dans la m\u00e9moire de votre navigateur. Un cookie permet \u00e0 votre ordinateur de stocker diff\u00e9rentes donn\u00e9es techniques permettant le contr\u00f4le g\u00e9n\u00e9ral de l\u2019acc\u00e8s du public \u00e0 nos sites (nombre de visites, fr\u00e9quence d\u2019exposition \u00e0 une banni\u00e8re publicitaire, connexion \u00e0 d\u2019autres sites\u2026) ou la personnalisation des pages affich\u00e9es en vue de vos prochaines interactions avec ce site. Lorsque vous naviguez sur notre Site, des informations relatives \u00e0 votre navigation sont susceptibles d\u2019\u00eatre enregistr\u00e9es dans des fichiers \u00ab Cookies \u00bb install\u00e9s sur votre ordinateur ou tablette ou smartphone. Les cookies sont importants pour le bon fonctionnement d\u2019un site.\u00a0<\/p>\n<p style=\"font-weight: 400;\">Les cookies sont utilis\u00e9s pour conserver les informations de connexion et fournir une connexion s\u00e9curis\u00e9e, collecter les statistiques en vue d\u2019optimiser les fonctionnalit\u00e9s du site et adapter le contenu \u00e0 vos centres d\u2019int\u00e9r\u00eats. Ainsi, lorsque vous visitez notre Site pour la premi\u00e8re fois, et que des cookies peuvent \u00eatre install\u00e9s sur votre terminal, nous vous informons du fait que des cookies sont utilis\u00e9s par le Site, par une zone s\u2019ouvrant sur la page visit\u00e9e. Aux termes de cette information, vous pouvez acc\u00e9der \u00e0 la pr\u00e9sente Charte et vous pouvez accepter ou refuser l\u2019installation des cookies.\u00a0<\/p>\n\t\t\t\t\t\t\t\t<\/div>\n\t\t\t\t<\/div>\n\t\t\t\t\t<\/div>\n\t\t<\/div>\n\t\t\t\t\t<\/div>\n\t\t<\/section>\n\t\t\t\t<\/div>\n\t\t","protected":false},"excerpt":{"rendered":"<p>Conditions g\u00e9n\u00e9rales d&rsquo;utilisation (CGU) Droits d\u2019auteurs et cr\u00e9dits photographiques Les contenus mis en ligne par les auteurs du site initinere.fr ne sauraient \u00eatre reproduits librement sans l\u2019indication de la source. Les photos pr\u00e9sentes sur ce site ne sont pas libres de droit et proviennent de sources diff\u00e9rentes (photos \u00a9iStock &#8211; \u00a9Unsplash &#8211; \u00a9Sophie Loubaton). \u00a0 [&hellip;]<\/p>\n","protected":false},"author":1,"featured_media":0,"parent":0,"menu_order":0,"comment_status":"closed","ping_status":"closed","template":"","meta":{"om_disable_all_campaigns":false,"_monsterinsights_skip_tracking":false,"_monsterinsights_sitenote_active":false,"_monsterinsights_sitenote_note":"","_monsterinsights_sitenote_category":0,"footnotes":""},"class_list":["post-15","page","type-page","status-publish","hentry"],"aioseo_notices":[],"yoast_head":"<!-- This site is optimized with the Yoast SEO plugin v25.7 - https:\/\/yoast.com\/wordpress\/plugins\/seo\/ -->\n<title>CGU - IN ITINERE<\/title>\n<meta name=\"robots\" content=\"index, follow, max-snippet:-1, max-image-preview:large, max-video-preview:-1\" \/>\n<link rel=\"canonical\" href=\"https:\/\/initinere.fr\/?page_id=15\" \/>\n<meta property=\"og:locale\" content=\"fr_FR\" \/>\n<meta property=\"og:type\" content=\"article\" \/>\n<meta property=\"og:title\" content=\"CGU - IN ITINERE\" \/>\n<meta property=\"og:description\" content=\"Conditions g\u00e9n\u00e9rales d&rsquo;utilisation (CGU) Droits d\u2019auteurs et cr\u00e9dits photographiques Les contenus mis en ligne par les auteurs du site initinere.fr ne sauraient \u00eatre reproduits librement sans l\u2019indication de la source. Les photos pr\u00e9sentes sur ce site ne sont pas libres de droit et proviennent de sources diff\u00e9rentes (photos \u00a9iStock &#8211; \u00a9Unsplash &#8211; \u00a9Sophie Loubaton). \u00a0 [&hellip;]\" \/>\n<meta property=\"og:url\" content=\"https:\/\/initinere.fr\/?page_id=15\" \/>\n<meta property=\"og:site_name\" content=\"IN ITINERE\" \/>\n<meta property=\"article:modified_time\" content=\"2022-12-20T09:58:10+00:00\" \/>\n<meta name=\"twitter:card\" content=\"summary_large_image\" \/>\n<meta name=\"twitter:label1\" content=\"Dur\u00e9e de lecture estim\u00e9e\" \/>\n\t<meta name=\"twitter:data1\" content=\"3 minutes\" \/>\n<script type=\"application\/ld+json\" class=\"yoast-schema-graph\">{\"@context\":\"https:\/\/schema.org\",\"@graph\":[{\"@type\":\"WebPage\",\"@id\":\"https:\/\/initinere.fr\/?page_id=15\",\"url\":\"https:\/\/initinere.fr\/?page_id=15\",\"name\":\"CGU - IN ITINERE\",\"isPartOf\":{\"@id\":\"https:\/\/initinere.fr\/#website\"},\"datePublished\":\"2022-08-01T13:40:17+00:00\",\"dateModified\":\"2022-12-20T09:58:10+00:00\",\"breadcrumb\":{\"@id\":\"https:\/\/initinere.fr\/?page_id=15#breadcrumb\"},\"inLanguage\":\"fr-FR\",\"potentialAction\":[{\"@type\":\"ReadAction\",\"target\":[\"https:\/\/initinere.fr\/?page_id=15\"]}]},{\"@type\":\"BreadcrumbList\",\"@id\":\"https:\/\/initinere.fr\/?page_id=15#breadcrumb\",\"itemListElement\":[{\"@type\":\"ListItem\",\"position\":1,\"name\":\"Accueil\",\"item\":\"https:\/\/initinere.fr\/\"},{\"@type\":\"ListItem\",\"position\":2,\"name\":\"CGU\"}]},{\"@type\":\"WebSite\",\"@id\":\"https:\/\/initinere.fr\/#website\",\"url\":\"https:\/\/initinere.fr\/\",\"name\":\"IN ITINERE\",\"description\":\"Rendre compte par la confiance\",\"publisher\":{\"@id\":\"https:\/\/initinere.fr\/#organization\"},\"potentialAction\":[{\"@type\":\"SearchAction\",\"target\":{\"@type\":\"EntryPoint\",\"urlTemplate\":\"https:\/\/initinere.fr\/?s={search_term_string}\"},\"query-input\":{\"@type\":\"PropertyValueSpecification\",\"valueRequired\":true,\"valueName\":\"search_term_string\"}}],\"inLanguage\":\"fr-FR\"},{\"@type\":\"Organization\",\"@id\":\"https:\/\/initinere.fr\/#organization\",\"name\":\"IN ITINERE\",\"url\":\"https:\/\/initinere.fr\/\",\"logo\":{\"@type\":\"ImageObject\",\"inLanguage\":\"fr-FR\",\"@id\":\"https:\/\/initinere.fr\/#\/schema\/logo\/image\/\",\"url\":\"https:\/\/initinere.fr\/wp-content\/uploads\/2022\/12\/cropped-initinere.png\",\"contentUrl\":\"https:\/\/initinere.fr\/wp-content\/uploads\/2022\/12\/cropped-initinere.png\",\"width\":212,\"height\":126,\"caption\":\"IN ITINERE\"},\"image\":{\"@id\":\"https:\/\/initinere.fr\/#\/schema\/logo\/image\/\"},\"sameAs\":[\"https:\/\/www.linkedin.com\/in\/isabelle-lescanne-sauguet-a206a959\/?originalSubdomain=fr\",\"https:\/\/www.linkedin.com\/search\/results\/all\/?heroEntityKey=urnlifsd_profileACoAAAQvgXMBGrSZmq_iGv1jGJlp0oEMyRjqThQ&amp;amp;ampampkeywords=pascalelevet&amp;amp;ampamporigin=RICH_QUERY_SUGGESTION&amp;amp;ampampposition=0&amp;amp;ampampsearchId=b147fc7e-352c-4d74-80bc-4c446192c866&amp;amp;ampampsid=Ro\",\"https:\/\/www.linkedin.com\/search\/results\/all\/?heroEntityKey=urnlifsd_profileACoAAAS9hpEBb6-XOzdZGVcXfasKs6qO5gKF9Tw&amp;amp;ampampkeywords=aurlieghemourikrief&amp;amp;ampamporigin=RICH_QUERY_SUGGESTION&amp;amp;ampampposition=0&amp;amp;ampampsearchId=f2293d4f-84e9-4f00-bea9-83d638904776&amp;amp;ampampsid=vQK\"]}]}<\/script>\n<!-- \/ Yoast SEO plugin. -->","yoast_head_json":{"title":"CGU - IN ITINERE","robots":{"index":"index","follow":"follow","max-snippet":"max-snippet:-1","max-image-preview":"max-image-preview:large","max-video-preview":"max-video-preview:-1"},"canonical":"https:\/\/initinere.fr\/?page_id=15","og_locale":"fr_FR","og_type":"article","og_title":"CGU - IN ITINERE","og_description":"Conditions g\u00e9n\u00e9rales d&rsquo;utilisation (CGU) Droits d\u2019auteurs et cr\u00e9dits photographiques Les contenus mis en ligne par les auteurs du site initinere.fr ne sauraient \u00eatre reproduits librement sans l\u2019indication de la source. Les photos pr\u00e9sentes sur ce site ne sont pas libres de droit et proviennent de sources diff\u00e9rentes (photos \u00a9iStock &#8211; \u00a9Unsplash &#8211; \u00a9Sophie Loubaton). \u00a0 [&hellip;]","og_url":"https:\/\/initinere.fr\/?page_id=15","og_site_name":"IN ITINERE","article_modified_time":"2022-12-20T09:58:10+00:00","twitter_card":"summary_large_image","twitter_misc":{"Dur\u00e9e de lecture estim\u00e9e":"3 minutes"},"schema":{"@context":"https:\/\/schema.org","@graph":[{"@type":"WebPage","@id":"https:\/\/initinere.fr\/?page_id=15","url":"https:\/\/initinere.fr\/?page_id=15","name":"CGU - IN ITINERE","isPartOf":{"@id":"https:\/\/initinere.fr\/#website"},"datePublished":"2022-08-01T13:40:17+00:00","dateModified":"2022-12-20T09:58:10+00:00","breadcrumb":{"@id":"https:\/\/initinere.fr\/?page_id=15#breadcrumb"},"inLanguage":"fr-FR","potentialAction":[{"@type":"ReadAction","target":["https:\/\/initinere.fr\/?page_id=15"]}]},{"@type":"BreadcrumbList","@id":"https:\/\/initinere.fr\/?page_id=15#breadcrumb","itemListElement":[{"@type":"ListItem","position":1,"name":"Accueil","item":"https:\/\/initinere.fr\/"},{"@type":"ListItem","position":2,"name":"CGU"}]},{"@type":"WebSite","@id":"https:\/\/initinere.fr\/#website","url":"https:\/\/initinere.fr\/","name":"IN ITINERE","description":"Rendre compte par la confiance","publisher":{"@id":"https:\/\/initinere.fr\/#organization"},"potentialAction":[{"@type":"SearchAction","target":{"@type":"EntryPoint","urlTemplate":"https:\/\/initinere.fr\/?s={search_term_string}"},"query-input":{"@type":"PropertyValueSpecification","valueRequired":true,"valueName":"search_term_string"}}],"inLanguage":"fr-FR"},{"@type":"Organization","@id":"https:\/\/initinere.fr\/#organization","name":"IN ITINERE","url":"https:\/\/initinere.fr\/","logo":{"@type":"ImageObject","inLanguage":"fr-FR","@id":"https:\/\/initinere.fr\/#\/schema\/logo\/image\/","url":"https:\/\/initinere.fr\/wp-content\/uploads\/2022\/12\/cropped-initinere.png","contentUrl":"https:\/\/initinere.fr\/wp-content\/uploads\/2022\/12\/cropped-initinere.png","width":212,"height":126,"caption":"IN ITINERE"},"image":{"@id":"https:\/\/initinere.fr\/#\/schema\/logo\/image\/"},"sameAs":["https:\/\/www.linkedin.com\/in\/isabelle-lescanne-sauguet-a206a959\/?originalSubdomain=fr","https:\/\/www.linkedin.com\/search\/results\/all\/?heroEntityKey=urnlifsd_profileACoAAAQvgXMBGrSZmq_iGv1jGJlp0oEMyRjqThQ&amp;amp;ampampkeywords=pascalelevet&amp;amp;ampamporigin=RICH_QUERY_SUGGESTION&amp;amp;ampampposition=0&amp;amp;ampampsearchId=b147fc7e-352c-4d74-80bc-4c446192c866&amp;amp;ampampsid=Ro","https:\/\/www.linkedin.com\/search\/results\/all\/?heroEntityKey=urnlifsd_profileACoAAAS9hpEBb6-XOzdZGVcXfasKs6qO5gKF9Tw&amp;amp;ampampkeywords=aurlieghemourikrief&amp;amp;ampamporigin=RICH_QUERY_SUGGESTION&amp;amp;ampampposition=0&amp;amp;ampampsearchId=f2293d4f-84e9-4f00-bea9-83d638904776&amp;amp;ampampsid=vQK"]}]}},"_links":{"self":[{"href":"https:\/\/initinere.fr\/index.php?rest_route=\/wp\/v2\/pages\/15","targetHints":{"allow":["GET"]}}],"collection":[{"href":"https:\/\/initinere.fr\/index.php?rest_route=\/wp\/v2\/pages"}],"about":[{"href":"https:\/\/initinere.fr\/index.php?rest_route=\/wp\/v2\/types\/page"}],"author":[{"embeddable":true,"href":"https:\/\/initinere.fr\/index.php?rest_route=\/wp\/v2\/users\/1"}],"replies":[{"embeddable":true,"href":"https:\/\/initinere.fr\/index.php?rest_route=%2Fwp%2Fv2%2Fcomments&post=15"}],"version-history":[{"count":30,"href":"https:\/\/initinere.fr\/index.php?rest_route=\/wp\/v2\/pages\/15\/revisions"}],"predecessor-version":[{"id":11415,"href":"https:\/\/initinere.fr\/index.php?rest_route=\/wp\/v2\/pages\/15\/revisions\/11415"}],"wp:attachment":[{"href":"https:\/\/initinere.fr\/index.php?rest_route=%2Fwp%2Fv2%2Fmedia&parent=15"}],"curies":[{"name":"wp","href":"https:\/\/api.w.org\/{rel}","templated":true}]}}