{"id":11944,"date":"2025-04-07T15:10:58","date_gmt":"2025-04-07T13:10:58","guid":{"rendered":"https:\/\/initinere.fr\/?page_id=11944"},"modified":"2025-04-08T21:57:10","modified_gmt":"2025-04-08T19:57:10","slug":"verification-volontaire-ou-a-blanc","status":"publish","type":"page","link":"https:\/\/initinere.fr\/?page_id=11944","title":{"rendered":"V\u00e9rification volontaire ou \u00e0 blanc"},"content":{"rendered":"\t\t<div data-elementor-type=\"wp-page\" data-elementor-id=\"11944\" class=\"elementor elementor-11944\">\n\t\t\t\t\t\t<section class=\"elementor-section elementor-top-section elementor-element elementor-element-b0f5f28 elementor-section-boxed elementor-section-height-default elementor-section-height-default qodef-elementor-content-no\" data-id=\"b0f5f28\" data-element_type=\"section\">\n\t\t\t\t\t\t<div class=\"elementor-container elementor-column-gap-default\">\n\t\t\t\t\t<div class=\"elementor-column elementor-col-100 elementor-top-column elementor-element elementor-element-e345062\" data-id=\"e345062\" data-element_type=\"column\">\n\t\t\t<div class=\"elementor-widget-wrap\">\n\t\t\t\t\t\t\t<\/div>\n\t\t<\/div>\n\t\t\t\t\t<\/div>\n\t\t<\/section>\n\t\t\t\t<section class=\"elementor-section elementor-top-section elementor-element elementor-element-255b86c elementor-section-boxed elementor-section-height-default elementor-section-height-default qodef-elementor-content-no\" data-id=\"255b86c\" data-element_type=\"section\">\n\t\t\t\t\t\t<div class=\"elementor-container elementor-column-gap-default\">\n\t\t\t\t\t<div class=\"elementor-column elementor-col-100 elementor-top-column elementor-element elementor-element-c27fbb6\" data-id=\"c27fbb6\" data-element_type=\"column\">\n\t\t\t<div class=\"elementor-widget-wrap elementor-element-populated\">\n\t\t\t\t\t\t<div class=\"elementor-element elementor-element-207d1c5 elementor-widget elementor-widget-halstein_core_section_title\" data-id=\"207d1c5\" data-element_type=\"widget\" data-widget_type=\"halstein_core_section_title.default\">\n\t\t\t\t<div class=\"elementor-widget-container\">\n\t\t\t\t\t<div class=\"qodef-shortcode qodef-m  qodef-section-title qodef-alignment--left  \">\n\t\t\t<h1 class=\"qodef-m-title\" style=\"color: #AD9169\">\n\t\t\t\t\tDans quels cas :\t\t\t<\/h1>\n\t\t\t<\/div>\n\t\t\t\t<\/div>\n\t\t\t\t<\/div>\n\t\t\t\t\t<\/div>\n\t\t<\/div>\n\t\t\t\t\t<\/div>\n\t\t<\/section>\n\t\t\t\t<section class=\"elementor-section elementor-top-section elementor-element elementor-element-67f0602 elementor-section-boxed elementor-section-height-default elementor-section-height-default qodef-elementor-content-no\" data-id=\"67f0602\" data-element_type=\"section\">\n\t\t\t\t\t\t<div class=\"elementor-container elementor-column-gap-wider\">\n\t\t\t\t\t<div class=\"elementor-column elementor-col-50 elementor-top-column elementor-element elementor-element-1d43f42\" data-id=\"1d43f42\" data-element_type=\"column\" data-settings=\"{&quot;background_background&quot;:&quot;classic&quot;}\">\n\t\t\t<div class=\"elementor-widget-wrap elementor-element-populated\">\n\t\t\t\t\t\t<div class=\"elementor-element elementor-element-d63b515 elementor-widget elementor-widget-qi_addons_for_elementor_blockquote\" data-id=\"d63b515\" data-element_type=\"widget\" data-widget_type=\"qi_addons_for_elementor_blockquote.default\">\n\t\t\t\t<div class=\"elementor-widget-container\">\n\t\t\t\t\t<div class=\"qodef-shortcode qodef-m qodef-qi-blockquote qodef-layout--top qodef--icon-pack\">\n\t\t\t<div class=\"qodef-m-icon\">\n\t\t\t<i aria-hidden=\"true\" class=\"far fa-arrow-alt-circle-down\"><\/i>\t\t<\/div>\n\t\t\t\t<h4 class=\"qodef-m-text\">\n\t\t\tSoci\u00e9t\u00e9s dot\u00e9es d\u2019une raison d\u2019\u00eatre qui veulent apporter la preuve de leur engagement\t\t<\/h4>\n\t<\/div>\n\t\t\t\t<\/div>\n\t\t\t\t<\/div>\n\t\t\t\t\t<\/div>\n\t\t<\/div>\n\t\t\t\t<div class=\"elementor-column elementor-col-50 elementor-top-column elementor-element elementor-element-d1d7d2c\" data-id=\"d1d7d2c\" data-element_type=\"column\">\n\t\t\t<div class=\"elementor-widget-wrap elementor-element-populated\">\n\t\t\t\t\t\t<div class=\"elementor-element elementor-element-bd3e7e8 elementor-widget elementor-widget-qi_addons_for_elementor_blockquote\" data-id=\"bd3e7e8\" data-element_type=\"widget\" data-widget_type=\"qi_addons_for_elementor_blockquote.default\">\n\t\t\t\t<div class=\"elementor-widget-container\">\n\t\t\t\t\t<div class=\"qodef-shortcode qodef-m qodef-qi-blockquote qodef-layout--top qodef--icon-pack\">\n\t\t\t<div class=\"qodef-m-icon\">\n\t\t\t<i aria-hidden=\"true\" class=\"far fa-arrow-alt-circle-down\"><\/i>\t\t<\/div>\n\t\t\t\t<h4 class=\"qodef-m-text\">\n\t\t\tSoci\u00e9t\u00e9s \u00e0 mission avant une premi\u00e8re v\u00e9rification r\u00e9glementaire ou entre deux v\u00e9rifications r\u00e9glementaires.\t\t<\/h4>\n\t<\/div>\n\t\t\t\t<\/div>\n\t\t\t\t<\/div>\n\t\t\t\t\t<\/div>\n\t\t<\/div>\n\t\t\t\t\t<\/div>\n\t\t<\/section>\n\t\t\t\t<section class=\"elementor-section elementor-top-section elementor-element elementor-element-9637cf3 elementor-section-boxed elementor-section-height-default elementor-section-height-default qodef-elementor-content-no\" data-id=\"9637cf3\" data-element_type=\"section\">\n\t\t\t\t\t\t<div class=\"elementor-container elementor-column-gap-default\">\n\t\t\t\t\t<div class=\"elementor-column elementor-col-100 elementor-top-column elementor-element elementor-element-f1ee0b7\" data-id=\"f1ee0b7\" data-element_type=\"column\">\n\t\t\t<div class=\"elementor-widget-wrap\">\n\t\t\t\t\t\t\t<\/div>\n\t\t<\/div>\n\t\t\t\t\t<\/div>\n\t\t<\/section>\n\t\t\t\t<section class=\"elementor-section elementor-top-section elementor-element elementor-element-fc40e26 elementor-section-boxed elementor-section-height-default elementor-section-height-default qodef-elementor-content-no\" data-id=\"fc40e26\" data-element_type=\"section\">\n\t\t\t\t\t\t<div class=\"elementor-container elementor-column-gap-default\">\n\t\t\t\t\t<div class=\"elementor-column elementor-col-100 elementor-top-column elementor-element elementor-element-62b6bbc\" data-id=\"62b6bbc\" data-element_type=\"column\">\n\t\t\t<div class=\"elementor-widget-wrap elementor-element-populated\">\n\t\t\t\t\t\t<div class=\"elementor-element elementor-element-bf679b6 elementor-widget elementor-widget-halstein_core_section_title\" data-id=\"bf679b6\" data-element_type=\"widget\" data-widget_type=\"halstein_core_section_title.default\">\n\t\t\t\t<div class=\"elementor-widget-container\">\n\t\t\t\t\t<div class=\"qodef-shortcode qodef-m  qodef-section-title qodef-alignment--left  \">\n\t\t\t<h4 class=\"qodef-m-title\" style=\"color: #AD9169\">\n\t\t\t\t\tPour conduire une v\u00e9rification \u00ab volontaire \u00bb, c\u2019est-\u00e0-dire en dehors de toute exigence r\u00e8glementaire, nous d\u00e9ployons le m\u00eame programme avec la m\u00eame rigueur et les m\u00eames r\u00e8gles d\u00e9ontologiques que pour une v\u00e9rification conduite dans le cadre de la loi Pacte pour les soci\u00e9t\u00e9s \u00e0 mission. \t\t\t<\/h4>\n\t\t\t<\/div>\n\t\t\t\t<\/div>\n\t\t\t\t<\/div>\n\t\t\t\t\t<\/div>\n\t\t<\/div>\n\t\t\t\t\t<\/div>\n\t\t<\/section>\n\t\t\t\t<section class=\"elementor-section elementor-top-section elementor-element elementor-element-a225df0 elementor-section-boxed elementor-section-height-default elementor-section-height-default qodef-elementor-content-no\" data-id=\"a225df0\" data-element_type=\"section\">\n\t\t\t\t\t\t<div class=\"elementor-container elementor-column-gap-default\">\n\t\t\t\t\t<div class=\"elementor-column elementor-col-100 elementor-top-column elementor-element elementor-element-3d3026e\" data-id=\"3d3026e\" data-element_type=\"column\">\n\t\t\t<div class=\"elementor-widget-wrap\">\n\t\t\t\t\t\t\t<\/div>\n\t\t<\/div>\n\t\t\t\t\t<\/div>\n\t\t<\/section>\n\t\t\t\t<section class=\"elementor-section elementor-top-section elementor-element elementor-element-cd245eb elementor-section-boxed elementor-section-height-default elementor-section-height-default qodef-elementor-content-no\" data-id=\"cd245eb\" data-element_type=\"section\" data-settings=\"{&quot;background_background&quot;:&quot;classic&quot;}\">\n\t\t\t\t\t\t<div class=\"elementor-container elementor-column-gap-default\">\n\t\t\t\t\t<div class=\"elementor-column elementor-col-100 elementor-top-column elementor-element elementor-element-da9bc96\" data-id=\"da9bc96\" data-element_type=\"column\">\n\t\t\t<div class=\"elementor-widget-wrap elementor-element-populated\">\n\t\t\t\t\t\t<div class=\"elementor-element elementor-element-0ba04c7 elementor-widget elementor-widget-qi_addons_for_elementor_message_box\" data-id=\"0ba04c7\" data-element_type=\"widget\" data-widget_type=\"qi_addons_for_elementor_message_box.default\">\n\t\t\t\t<div class=\"elementor-widget-container\">\n\t\t\t\t\t<div class=\"qodef-shortcode qodef-m qodef-qi-message-box qodef-icon--top\">\n\t\t<span class=\"qodef-m-icon\">\n\t\t\t<\/span>\n\t<div>\n\t\t\t<h3 class=\"qodef-m-title\">\n\t\tA savoir\t<\/h3>\n\t\t\t<p class=\"qodef-m-text\">\n\t\tLa v\u00e9rification \u00ab volontaire \u00bb s\u2019inscrit dans une d\u00e9marche o\u00f9, pour l\u2019entreprise, il s\u2019agit de tester la robustesse, la justesse, la coh\u00e9rence ou la capabilit\u00e9 des dispositifs mis en place. Ainsi, m\u00eame si nous appliquons le m\u00eame programme, nous prenons en consid\u00e9ration le caract\u00e8re apprenant que doit apporter une v\u00e9rification \u00ab volontaire \u00bb pour l\u2019entreprise, ses dirigeants, ses collaborateurs.  \n\t<\/p>\n\t<\/div>\n\t\t<span class=\"qodef-m-close-icon\">\n\t\t\t<\/span>\n<\/div>\n\t\t\t\t<\/div>\n\t\t\t\t<\/div>\n\t\t\t\t\t<\/div>\n\t\t<\/div>\n\t\t\t\t\t<\/div>\n\t\t<\/section>\n\t\t\t\t<\/div>\n\t\t","protected":false},"excerpt":{"rendered":"<p>Dans quels cas : Soci\u00e9t\u00e9s dot\u00e9es d\u2019une raison d\u2019\u00eatre qui veulent apporter la preuve de leur engagement Soci\u00e9t\u00e9s \u00e0 mission avant une premi\u00e8re v\u00e9rification r\u00e9glementaire ou entre deux v\u00e9rifications r\u00e9glementaires. Pour conduire une v\u00e9rification \u00ab volontaire \u00bb, c\u2019est-\u00e0-dire en dehors de toute exigence r\u00e8glementaire, nous d\u00e9ployons le m\u00eame programme avec la m\u00eame rigueur et les [&hellip;]<\/p>\n","protected":false},"author":1,"featured_media":0,"parent":0,"menu_order":0,"comment_status":"closed","ping_status":"closed","template":"","meta":{"om_disable_all_campaigns":false,"_monsterinsights_skip_tracking":false,"_monsterinsights_sitenote_active":false,"_monsterinsights_sitenote_note":"","_monsterinsights_sitenote_category":0,"footnotes":""},"class_list":["post-11944","page","type-page","status-publish","hentry"],"aioseo_notices":[],"yoast_head":"<!-- This site is optimized with the Yoast SEO plugin v25.7 - https:\/\/yoast.com\/wordpress\/plugins\/seo\/ -->\n<title>V\u00e9rification volontaire ou \u00e0 blanc - IN ITINERE<\/title>\n<meta name=\"robots\" content=\"index, follow, max-snippet:-1, max-image-preview:large, max-video-preview:-1\" \/>\n<link rel=\"canonical\" href=\"https:\/\/initinere.fr\/?page_id=11944\" \/>\n<meta property=\"og:locale\" content=\"fr_FR\" \/>\n<meta property=\"og:type\" content=\"article\" \/>\n<meta property=\"og:title\" content=\"V\u00e9rification volontaire ou \u00e0 blanc - IN ITINERE\" \/>\n<meta property=\"og:description\" content=\"Dans quels cas : Soci\u00e9t\u00e9s dot\u00e9es d\u2019une raison d\u2019\u00eatre qui veulent apporter la preuve de leur engagement Soci\u00e9t\u00e9s \u00e0 mission avant une premi\u00e8re v\u00e9rification r\u00e9glementaire ou entre deux v\u00e9rifications r\u00e9glementaires. Pour conduire une v\u00e9rification \u00ab volontaire \u00bb, c\u2019est-\u00e0-dire en dehors de toute exigence r\u00e8glementaire, nous d\u00e9ployons le m\u00eame programme avec la m\u00eame rigueur et les [&hellip;]\" \/>\n<meta property=\"og:url\" content=\"https:\/\/initinere.fr\/?page_id=11944\" \/>\n<meta property=\"og:site_name\" content=\"IN ITINERE\" \/>\n<meta property=\"article:modified_time\" content=\"2025-04-08T19:57:10+00:00\" \/>\n<meta name=\"twitter:card\" content=\"summary_large_image\" \/>\n<meta name=\"twitter:label1\" content=\"Dur\u00e9e de lecture estim\u00e9e\" \/>\n\t<meta name=\"twitter:data1\" content=\"1 minute\" \/>\n<script type=\"application\/ld+json\" class=\"yoast-schema-graph\">{\"@context\":\"https:\/\/schema.org\",\"@graph\":[{\"@type\":\"WebPage\",\"@id\":\"https:\/\/initinere.fr\/?page_id=11944\",\"url\":\"https:\/\/initinere.fr\/?page_id=11944\",\"name\":\"V\u00e9rification volontaire ou \u00e0 blanc - IN ITINERE\",\"isPartOf\":{\"@id\":\"https:\/\/initinere.fr\/#website\"},\"datePublished\":\"2025-04-07T13:10:58+00:00\",\"dateModified\":\"2025-04-08T19:57:10+00:00\",\"breadcrumb\":{\"@id\":\"https:\/\/initinere.fr\/?page_id=11944#breadcrumb\"},\"inLanguage\":\"fr-FR\",\"potentialAction\":[{\"@type\":\"ReadAction\",\"target\":[\"https:\/\/initinere.fr\/?page_id=11944\"]}]},{\"@type\":\"BreadcrumbList\",\"@id\":\"https:\/\/initinere.fr\/?page_id=11944#breadcrumb\",\"itemListElement\":[{\"@type\":\"ListItem\",\"position\":1,\"name\":\"Accueil\",\"item\":\"https:\/\/initinere.fr\/\"},{\"@type\":\"ListItem\",\"position\":2,\"name\":\"V\u00e9rification volontaire ou \u00e0 blanc\"}]},{\"@type\":\"WebSite\",\"@id\":\"https:\/\/initinere.fr\/#website\",\"url\":\"https:\/\/initinere.fr\/\",\"name\":\"IN ITINERE\",\"description\":\"Rendre compte par la confiance\",\"publisher\":{\"@id\":\"https:\/\/initinere.fr\/#organization\"},\"potentialAction\":[{\"@type\":\"SearchAction\",\"target\":{\"@type\":\"EntryPoint\",\"urlTemplate\":\"https:\/\/initinere.fr\/?s={search_term_string}\"},\"query-input\":{\"@type\":\"PropertyValueSpecification\",\"valueRequired\":true,\"valueName\":\"search_term_string\"}}],\"inLanguage\":\"fr-FR\"},{\"@type\":\"Organization\",\"@id\":\"https:\/\/initinere.fr\/#organization\",\"name\":\"IN ITINERE\",\"url\":\"https:\/\/initinere.fr\/\",\"logo\":{\"@type\":\"ImageObject\",\"inLanguage\":\"fr-FR\",\"@id\":\"https:\/\/initinere.fr\/#\/schema\/logo\/image\/\",\"url\":\"https:\/\/initinere.fr\/wp-content\/uploads\/2022\/12\/cropped-initinere.png\",\"contentUrl\":\"https:\/\/initinere.fr\/wp-content\/uploads\/2022\/12\/cropped-initinere.png\",\"width\":212,\"height\":126,\"caption\":\"IN ITINERE\"},\"image\":{\"@id\":\"https:\/\/initinere.fr\/#\/schema\/logo\/image\/\"},\"sameAs\":[\"https:\/\/www.linkedin.com\/in\/isabelle-lescanne-sauguet-a206a959\/?originalSubdomain=fr\",\"https:\/\/www.linkedin.com\/search\/results\/all\/?heroEntityKey=urnlifsd_profileACoAAAQvgXMBGrSZmq_iGv1jGJlp0oEMyRjqThQ&amp;amp;ampampkeywords=pascalelevet&amp;amp;ampamporigin=RICH_QUERY_SUGGESTION&amp;amp;ampampposition=0&amp;amp;ampampsearchId=b147fc7e-352c-4d74-80bc-4c446192c866&amp;amp;ampampsid=Ro\",\"https:\/\/www.linkedin.com\/search\/results\/all\/?heroEntityKey=urnlifsd_profileACoAAAS9hpEBb6-XOzdZGVcXfasKs6qO5gKF9Tw&amp;amp;ampampkeywords=aurlieghemourikrief&amp;amp;ampamporigin=RICH_QUERY_SUGGESTION&amp;amp;ampampposition=0&amp;amp;ampampsearchId=f2293d4f-84e9-4f00-bea9-83d638904776&amp;amp;ampampsid=vQK\"]}]}<\/script>\n<!-- \/ Yoast SEO plugin. -->","yoast_head_json":{"title":"V\u00e9rification volontaire ou \u00e0 blanc - IN ITINERE","robots":{"index":"index","follow":"follow","max-snippet":"max-snippet:-1","max-image-preview":"max-image-preview:large","max-video-preview":"max-video-preview:-1"},"canonical":"https:\/\/initinere.fr\/?page_id=11944","og_locale":"fr_FR","og_type":"article","og_title":"V\u00e9rification volontaire ou \u00e0 blanc - IN ITINERE","og_description":"Dans quels cas : Soci\u00e9t\u00e9s dot\u00e9es d\u2019une raison d\u2019\u00eatre qui veulent apporter la preuve de leur engagement Soci\u00e9t\u00e9s \u00e0 mission avant une premi\u00e8re v\u00e9rification r\u00e9glementaire ou entre deux v\u00e9rifications r\u00e9glementaires. Pour conduire une v\u00e9rification \u00ab volontaire \u00bb, c\u2019est-\u00e0-dire en dehors de toute exigence r\u00e8glementaire, nous d\u00e9ployons le m\u00eame programme avec la m\u00eame rigueur et les [&hellip;]","og_url":"https:\/\/initinere.fr\/?page_id=11944","og_site_name":"IN ITINERE","article_modified_time":"2025-04-08T19:57:10+00:00","twitter_card":"summary_large_image","twitter_misc":{"Dur\u00e9e de lecture estim\u00e9e":"1 minute"},"schema":{"@context":"https:\/\/schema.org","@graph":[{"@type":"WebPage","@id":"https:\/\/initinere.fr\/?page_id=11944","url":"https:\/\/initinere.fr\/?page_id=11944","name":"V\u00e9rification volontaire ou \u00e0 blanc - IN ITINERE","isPartOf":{"@id":"https:\/\/initinere.fr\/#website"},"datePublished":"2025-04-07T13:10:58+00:00","dateModified":"2025-04-08T19:57:10+00:00","breadcrumb":{"@id":"https:\/\/initinere.fr\/?page_id=11944#breadcrumb"},"inLanguage":"fr-FR","potentialAction":[{"@type":"ReadAction","target":["https:\/\/initinere.fr\/?page_id=11944"]}]},{"@type":"BreadcrumbList","@id":"https:\/\/initinere.fr\/?page_id=11944#breadcrumb","itemListElement":[{"@type":"ListItem","position":1,"name":"Accueil","item":"https:\/\/initinere.fr\/"},{"@type":"ListItem","position":2,"name":"V\u00e9rification volontaire ou \u00e0 blanc"}]},{"@type":"WebSite","@id":"https:\/\/initinere.fr\/#website","url":"https:\/\/initinere.fr\/","name":"IN ITINERE","description":"Rendre compte par la confiance","publisher":{"@id":"https:\/\/initinere.fr\/#organization"},"potentialAction":[{"@type":"SearchAction","target":{"@type":"EntryPoint","urlTemplate":"https:\/\/initinere.fr\/?s={search_term_string}"},"query-input":{"@type":"PropertyValueSpecification","valueRequired":true,"valueName":"search_term_string"}}],"inLanguage":"fr-FR"},{"@type":"Organization","@id":"https:\/\/initinere.fr\/#organization","name":"IN ITINERE","url":"https:\/\/initinere.fr\/","logo":{"@type":"ImageObject","inLanguage":"fr-FR","@id":"https:\/\/initinere.fr\/#\/schema\/logo\/image\/","url":"https:\/\/initinere.fr\/wp-content\/uploads\/2022\/12\/cropped-initinere.png","contentUrl":"https:\/\/initinere.fr\/wp-content\/uploads\/2022\/12\/cropped-initinere.png","width":212,"height":126,"caption":"IN ITINERE"},"image":{"@id":"https:\/\/initinere.fr\/#\/schema\/logo\/image\/"},"sameAs":["https:\/\/www.linkedin.com\/in\/isabelle-lescanne-sauguet-a206a959\/?originalSubdomain=fr","https:\/\/www.linkedin.com\/search\/results\/all\/?heroEntityKey=urnlifsd_profileACoAAAQvgXMBGrSZmq_iGv1jGJlp0oEMyRjqThQ&amp;amp;ampampkeywords=pascalelevet&amp;amp;ampamporigin=RICH_QUERY_SUGGESTION&amp;amp;ampampposition=0&amp;amp;ampampsearchId=b147fc7e-352c-4d74-80bc-4c446192c866&amp;amp;ampampsid=Ro","https:\/\/www.linkedin.com\/search\/results\/all\/?heroEntityKey=urnlifsd_profileACoAAAS9hpEBb6-XOzdZGVcXfasKs6qO5gKF9Tw&amp;amp;ampampkeywords=aurlieghemourikrief&amp;amp;ampamporigin=RICH_QUERY_SUGGESTION&amp;amp;ampampposition=0&amp;amp;ampampsearchId=f2293d4f-84e9-4f00-bea9-83d638904776&amp;amp;ampampsid=vQK"]}]}},"_links":{"self":[{"href":"https:\/\/initinere.fr\/index.php?rest_route=\/wp\/v2\/pages\/11944","targetHints":{"allow":["GET"]}}],"collection":[{"href":"https:\/\/initinere.fr\/index.php?rest_route=\/wp\/v2\/pages"}],"about":[{"href":"https:\/\/initinere.fr\/index.php?rest_route=\/wp\/v2\/types\/page"}],"author":[{"embeddable":true,"href":"https:\/\/initinere.fr\/index.php?rest_route=\/wp\/v2\/users\/1"}],"replies":[{"embeddable":true,"href":"https:\/\/initinere.fr\/index.php?rest_route=%2Fwp%2Fv2%2Fcomments&post=11944"}],"version-history":[{"count":15,"href":"https:\/\/initinere.fr\/index.php?rest_route=\/wp\/v2\/pages\/11944\/revisions"}],"predecessor-version":[{"id":12207,"href":"https:\/\/initinere.fr\/index.php?rest_route=\/wp\/v2\/pages\/11944\/revisions\/12207"}],"wp:attachment":[{"href":"https:\/\/initinere.fr\/index.php?rest_route=%2Fwp%2Fv2%2Fmedia&parent=11944"}],"curies":[{"name":"wp","href":"https:\/\/api.w.org\/{rel}","templated":true}]}}