{"id":11297,"date":"2023-04-28T14:26:10","date_gmt":"2023-04-28T12:26:10","guid":{"rendered":"https:\/\/initinere.fr\/?page_id=11297"},"modified":"2023-05-03T09:22:32","modified_gmt":"2023-05-03T07:22:32","slug":"information-sur-la-confidentialite-et-la-gestion-des-donnees","status":"publish","type":"page","link":"https:\/\/initinere.fr\/?page_id=11297","title":{"rendered":"Information sur la confidentialit\u00e9 et la gestion des donn\u00e9es\u00a0"},"content":{"rendered":"\t\t<div data-elementor-type=\"wp-page\" data-elementor-id=\"11297\" class=\"elementor elementor-11297\">\n\t\t\t\t\t\t<section class=\"elementor-section elementor-top-section elementor-element elementor-element-d8e959a elementor-section-boxed elementor-section-height-default elementor-section-height-default qodef-elementor-content-no\" data-id=\"d8e959a\" data-element_type=\"section\">\n\t\t\t\t\t\t<div class=\"elementor-container elementor-column-gap-default\">\n\t\t\t\t\t<div class=\"elementor-column elementor-col-100 elementor-top-column elementor-element elementor-element-a632b8d\" data-id=\"a632b8d\" data-element_type=\"column\">\n\t\t\t<div class=\"elementor-widget-wrap elementor-element-populated\">\n\t\t\t\t\t\t<div class=\"elementor-element elementor-element-c1be932 elementor-widget elementor-widget-text-editor\" data-id=\"c1be932\" data-element_type=\"widget\" data-widget_type=\"text-editor.default\">\n\t\t\t\t<div class=\"elementor-widget-container\">\n\t\t\t\t\t\t\t\t\t<p><\/p>\n<h3>Informations sur la confidentialit\u00e9 et la gestion des donn\u00e9es<\/h3>\n<p><\/p>\n<p>Nous nous engageons \u00e0 pr\u00e9server la confidentialit\u00e9 des donn\u00e9es et \u00e0 prot\u00e9ger les donn\u00e9es qui nous sont confi\u00e9es. Nous nous engageons \u00e0 mettre en \u0153uvre un niveau ad\u00e9quat de protection des donn\u00e9es personnelles collect\u00e9es en ligne aupr\u00e8s des utilisateurs. Les informations recueillies sur le site (via le formulaire de contact) sont utilis\u00e9es par IN ITINERE afin de r\u00e9pondre au mieux \u00e0 votre demande.\u00a0Les donn\u00e9es ne seront en aucun cas divulgu\u00e9es \u00e0 des tiers dans un but commercial.<\/p>\n<p>Les donn\u00e9es collect\u00e9es seront communiqu\u00e9es aux seuls destinataires suivants\u00a0: IN ITINERE S.A.S.<\/p>\n<p>Elles sont conserv\u00e9es pendant 3 ans maximum. Consultez le site cnil.fr pour plus d\u2019informations sur vos droits. Pour exercer ces droits ou pour toute question sur le traitement de vos donn\u00e9es dans ce dispositif, vous pouvez contacter (le cas \u00e9ch\u00e9ant, notre d\u00e9l\u00e9gu\u00e9 \u00e0 la protection des donn\u00e9es ou le service charg\u00e9 de l\u2019exercice de ces droits) :\u00a0<a href=\"mailto:contact@initinere.fr\">contact@initinere.fr<\/a><\/p>\n<p>Si vous estimez, apr\u00e8s nous avoir contact\u00e9s, que vos droits \u00ab Informatique et Libert\u00e9s \u00bb ne sont pas respect\u00e9s, vous pouvez adresser une r\u00e9clamation \u00e0 la CNIL.<\/p>\n<p>Nous ne collectons que les donn\u00e9es personnelles transmises volontairement par les utilisateurs de notre site, afin de fournir \u00e0 ces derniers les informations requises.<\/p>\n<p>J&rsquo;accepte que les donn\u00e9es renseign\u00e9es dans le formulaire de contact soient stock\u00e9es \u00e9lectroniquement, trait\u00e9es et utilis\u00e9es dans le but d&rsquo;\u00e9tablir le contact. Je sais que je peux r\u00e9voquer mon consentement \u00e0 tout moment.<br \/><br \/><\/p>\n<p><\/p>\t\t\t\t\t\t\t\t<\/div>\n\t\t\t\t<\/div>\n\t\t\t\t\t<\/div>\n\t\t<\/div>\n\t\t\t\t\t<\/div>\n\t\t<\/section>\n\t\t\t\t<\/div>\n\t\t","protected":false},"excerpt":{"rendered":"<p>Informations sur la confidentialit\u00e9 et la gestion des donn\u00e9es Nous nous engageons \u00e0 pr\u00e9server la confidentialit\u00e9 des donn\u00e9es et \u00e0 prot\u00e9ger les donn\u00e9es qui nous sont confi\u00e9es. Nous nous engageons \u00e0 mettre en \u0153uvre un niveau ad\u00e9quat de protection des donn\u00e9es personnelles collect\u00e9es en ligne aupr\u00e8s des utilisateurs. Les informations recueillies sur le site (via [&hellip;]<\/p>\n","protected":false},"author":1,"featured_media":0,"parent":0,"menu_order":0,"comment_status":"closed","ping_status":"closed","template":"","meta":{"om_disable_all_campaigns":false,"_monsterinsights_skip_tracking":false,"_monsterinsights_sitenote_active":false,"_monsterinsights_sitenote_note":"","_monsterinsights_sitenote_category":0,"footnotes":""},"class_list":["post-11297","page","type-page","status-publish","hentry"],"aioseo_notices":[],"yoast_head":"<!-- This site is optimized with the Yoast SEO plugin v25.7 - https:\/\/yoast.com\/wordpress\/plugins\/seo\/ -->\n<title>Information sur la confidentialit\u00e9 et la gestion des donn\u00e9es\u00a0 - IN ITINERE<\/title>\n<meta name=\"robots\" content=\"index, follow, max-snippet:-1, max-image-preview:large, max-video-preview:-1\" \/>\n<link rel=\"canonical\" href=\"https:\/\/initinere.fr\/?page_id=11297\" \/>\n<meta property=\"og:locale\" content=\"fr_FR\" \/>\n<meta property=\"og:type\" content=\"article\" \/>\n<meta property=\"og:title\" content=\"Information sur la confidentialit\u00e9 et la gestion des donn\u00e9es\u00a0 - IN ITINERE\" \/>\n<meta property=\"og:description\" content=\"Informations sur la confidentialit\u00e9 et la gestion des donn\u00e9es Nous nous engageons \u00e0 pr\u00e9server la confidentialit\u00e9 des donn\u00e9es et \u00e0 prot\u00e9ger les donn\u00e9es qui nous sont confi\u00e9es. Nous nous engageons \u00e0 mettre en \u0153uvre un niveau ad\u00e9quat de protection des donn\u00e9es personnelles collect\u00e9es en ligne aupr\u00e8s des utilisateurs. Les informations recueillies sur le site (via [&hellip;]\" \/>\n<meta property=\"og:url\" content=\"https:\/\/initinere.fr\/?page_id=11297\" \/>\n<meta property=\"og:site_name\" content=\"IN ITINERE\" \/>\n<meta property=\"article:modified_time\" content=\"2023-05-03T07:22:32+00:00\" \/>\n<meta name=\"twitter:card\" content=\"summary_large_image\" \/>\n<meta name=\"twitter:label1\" content=\"Dur\u00e9e de lecture estim\u00e9e\" \/>\n\t<meta name=\"twitter:data1\" content=\"1 minute\" \/>\n<script type=\"application\/ld+json\" class=\"yoast-schema-graph\">{\"@context\":\"https:\/\/schema.org\",\"@graph\":[{\"@type\":\"WebPage\",\"@id\":\"https:\/\/initinere.fr\/?page_id=11297\",\"url\":\"https:\/\/initinere.fr\/?page_id=11297\",\"name\":\"Information sur la confidentialit\u00e9 et la gestion des donn\u00e9es\u00a0 - IN ITINERE\",\"isPartOf\":{\"@id\":\"https:\/\/initinere.fr\/#website\"},\"datePublished\":\"2023-04-28T12:26:10+00:00\",\"dateModified\":\"2023-05-03T07:22:32+00:00\",\"breadcrumb\":{\"@id\":\"https:\/\/initinere.fr\/?page_id=11297#breadcrumb\"},\"inLanguage\":\"fr-FR\",\"potentialAction\":[{\"@type\":\"ReadAction\",\"target\":[\"https:\/\/initinere.fr\/?page_id=11297\"]}]},{\"@type\":\"BreadcrumbList\",\"@id\":\"https:\/\/initinere.fr\/?page_id=11297#breadcrumb\",\"itemListElement\":[{\"@type\":\"ListItem\",\"position\":1,\"name\":\"Accueil\",\"item\":\"https:\/\/initinere.fr\/\"},{\"@type\":\"ListItem\",\"position\":2,\"name\":\"Information sur la confidentialit\u00e9 et la gestion des donn\u00e9es\u00a0\"}]},{\"@type\":\"WebSite\",\"@id\":\"https:\/\/initinere.fr\/#website\",\"url\":\"https:\/\/initinere.fr\/\",\"name\":\"IN ITINERE\",\"description\":\"Rendre compte par la confiance\",\"publisher\":{\"@id\":\"https:\/\/initinere.fr\/#organization\"},\"potentialAction\":[{\"@type\":\"SearchAction\",\"target\":{\"@type\":\"EntryPoint\",\"urlTemplate\":\"https:\/\/initinere.fr\/?s={search_term_string}\"},\"query-input\":{\"@type\":\"PropertyValueSpecification\",\"valueRequired\":true,\"valueName\":\"search_term_string\"}}],\"inLanguage\":\"fr-FR\"},{\"@type\":\"Organization\",\"@id\":\"https:\/\/initinere.fr\/#organization\",\"name\":\"IN ITINERE\",\"url\":\"https:\/\/initinere.fr\/\",\"logo\":{\"@type\":\"ImageObject\",\"inLanguage\":\"fr-FR\",\"@id\":\"https:\/\/initinere.fr\/#\/schema\/logo\/image\/\",\"url\":\"https:\/\/initinere.fr\/wp-content\/uploads\/2022\/12\/cropped-initinere.png\",\"contentUrl\":\"https:\/\/initinere.fr\/wp-content\/uploads\/2022\/12\/cropped-initinere.png\",\"width\":212,\"height\":126,\"caption\":\"IN ITINERE\"},\"image\":{\"@id\":\"https:\/\/initinere.fr\/#\/schema\/logo\/image\/\"},\"sameAs\":[\"https:\/\/www.linkedin.com\/in\/isabelle-lescanne-sauguet-a206a959\/?originalSubdomain=fr\",\"https:\/\/www.linkedin.com\/search\/results\/all\/?heroEntityKey=urnlifsd_profileACoAAAQvgXMBGrSZmq_iGv1jGJlp0oEMyRjqThQ&amp;amp;ampampkeywords=pascalelevet&amp;amp;ampamporigin=RICH_QUERY_SUGGESTION&amp;amp;ampampposition=0&amp;amp;ampampsearchId=b147fc7e-352c-4d74-80bc-4c446192c866&amp;amp;ampampsid=Ro\",\"https:\/\/www.linkedin.com\/search\/results\/all\/?heroEntityKey=urnlifsd_profileACoAAAS9hpEBb6-XOzdZGVcXfasKs6qO5gKF9Tw&amp;amp;ampampkeywords=aurlieghemourikrief&amp;amp;ampamporigin=RICH_QUERY_SUGGESTION&amp;amp;ampampposition=0&amp;amp;ampampsearchId=f2293d4f-84e9-4f00-bea9-83d638904776&amp;amp;ampampsid=vQK\"]}]}<\/script>\n<!-- \/ Yoast SEO plugin. -->","yoast_head_json":{"title":"Information sur la confidentialit\u00e9 et la gestion des donn\u00e9es\u00a0 - IN ITINERE","robots":{"index":"index","follow":"follow","max-snippet":"max-snippet:-1","max-image-preview":"max-image-preview:large","max-video-preview":"max-video-preview:-1"},"canonical":"https:\/\/initinere.fr\/?page_id=11297","og_locale":"fr_FR","og_type":"article","og_title":"Information sur la confidentialit\u00e9 et la gestion des donn\u00e9es\u00a0 - IN ITINERE","og_description":"Informations sur la confidentialit\u00e9 et la gestion des donn\u00e9es Nous nous engageons \u00e0 pr\u00e9server la confidentialit\u00e9 des donn\u00e9es et \u00e0 prot\u00e9ger les donn\u00e9es qui nous sont confi\u00e9es. Nous nous engageons \u00e0 mettre en \u0153uvre un niveau ad\u00e9quat de protection des donn\u00e9es personnelles collect\u00e9es en ligne aupr\u00e8s des utilisateurs. Les informations recueillies sur le site (via [&hellip;]","og_url":"https:\/\/initinere.fr\/?page_id=11297","og_site_name":"IN ITINERE","article_modified_time":"2023-05-03T07:22:32+00:00","twitter_card":"summary_large_image","twitter_misc":{"Dur\u00e9e de lecture estim\u00e9e":"1 minute"},"schema":{"@context":"https:\/\/schema.org","@graph":[{"@type":"WebPage","@id":"https:\/\/initinere.fr\/?page_id=11297","url":"https:\/\/initinere.fr\/?page_id=11297","name":"Information sur la confidentialit\u00e9 et la gestion des donn\u00e9es\u00a0 - IN ITINERE","isPartOf":{"@id":"https:\/\/initinere.fr\/#website"},"datePublished":"2023-04-28T12:26:10+00:00","dateModified":"2023-05-03T07:22:32+00:00","breadcrumb":{"@id":"https:\/\/initinere.fr\/?page_id=11297#breadcrumb"},"inLanguage":"fr-FR","potentialAction":[{"@type":"ReadAction","target":["https:\/\/initinere.fr\/?page_id=11297"]}]},{"@type":"BreadcrumbList","@id":"https:\/\/initinere.fr\/?page_id=11297#breadcrumb","itemListElement":[{"@type":"ListItem","position":1,"name":"Accueil","item":"https:\/\/initinere.fr\/"},{"@type":"ListItem","position":2,"name":"Information sur la confidentialit\u00e9 et la gestion des donn\u00e9es\u00a0"}]},{"@type":"WebSite","@id":"https:\/\/initinere.fr\/#website","url":"https:\/\/initinere.fr\/","name":"IN ITINERE","description":"Rendre compte par la confiance","publisher":{"@id":"https:\/\/initinere.fr\/#organization"},"potentialAction":[{"@type":"SearchAction","target":{"@type":"EntryPoint","urlTemplate":"https:\/\/initinere.fr\/?s={search_term_string}"},"query-input":{"@type":"PropertyValueSpecification","valueRequired":true,"valueName":"search_term_string"}}],"inLanguage":"fr-FR"},{"@type":"Organization","@id":"https:\/\/initinere.fr\/#organization","name":"IN ITINERE","url":"https:\/\/initinere.fr\/","logo":{"@type":"ImageObject","inLanguage":"fr-FR","@id":"https:\/\/initinere.fr\/#\/schema\/logo\/image\/","url":"https:\/\/initinere.fr\/wp-content\/uploads\/2022\/12\/cropped-initinere.png","contentUrl":"https:\/\/initinere.fr\/wp-content\/uploads\/2022\/12\/cropped-initinere.png","width":212,"height":126,"caption":"IN ITINERE"},"image":{"@id":"https:\/\/initinere.fr\/#\/schema\/logo\/image\/"},"sameAs":["https:\/\/www.linkedin.com\/in\/isabelle-lescanne-sauguet-a206a959\/?originalSubdomain=fr","https:\/\/www.linkedin.com\/search\/results\/all\/?heroEntityKey=urnlifsd_profileACoAAAQvgXMBGrSZmq_iGv1jGJlp0oEMyRjqThQ&amp;amp;ampampkeywords=pascalelevet&amp;amp;ampamporigin=RICH_QUERY_SUGGESTION&amp;amp;ampampposition=0&amp;amp;ampampsearchId=b147fc7e-352c-4d74-80bc-4c446192c866&amp;amp;ampampsid=Ro","https:\/\/www.linkedin.com\/search\/results\/all\/?heroEntityKey=urnlifsd_profileACoAAAS9hpEBb6-XOzdZGVcXfasKs6qO5gKF9Tw&amp;amp;ampampkeywords=aurlieghemourikrief&amp;amp;ampamporigin=RICH_QUERY_SUGGESTION&amp;amp;ampampposition=0&amp;amp;ampampsearchId=f2293d4f-84e9-4f00-bea9-83d638904776&amp;amp;ampampsid=vQK"]}]}},"_links":{"self":[{"href":"https:\/\/initinere.fr\/index.php?rest_route=\/wp\/v2\/pages\/11297","targetHints":{"allow":["GET"]}}],"collection":[{"href":"https:\/\/initinere.fr\/index.php?rest_route=\/wp\/v2\/pages"}],"about":[{"href":"https:\/\/initinere.fr\/index.php?rest_route=\/wp\/v2\/types\/page"}],"author":[{"embeddable":true,"href":"https:\/\/initinere.fr\/index.php?rest_route=\/wp\/v2\/users\/1"}],"replies":[{"embeddable":true,"href":"https:\/\/initinere.fr\/index.php?rest_route=%2Fwp%2Fv2%2Fcomments&post=11297"}],"version-history":[{"count":8,"href":"https:\/\/initinere.fr\/index.php?rest_route=\/wp\/v2\/pages\/11297\/revisions"}],"predecessor-version":[{"id":11314,"href":"https:\/\/initinere.fr\/index.php?rest_route=\/wp\/v2\/pages\/11297\/revisions\/11314"}],"wp:attachment":[{"href":"https:\/\/initinere.fr\/index.php?rest_route=%2Fwp%2Fv2%2Fmedia&parent=11297"}],"curies":[{"name":"wp","href":"https:\/\/api.w.org\/{rel}","templated":true}]}}