{"id":10213,"date":"2021-10-04T10:13:20","date_gmt":"2021-10-04T08:13:20","guid":{"rendered":"https:\/\/halstein.qodeinteractive.com\/?page_id=3"},"modified":"2024-04-23T16:25:54","modified_gmt":"2024-04-23T14:25:54","slug":"privacy-policy","status":"publish","type":"page","link":"https:\/\/initinere.fr\/?page_id=10213","title":{"rendered":"Mentions l\u00e9gales"},"content":{"rendered":"\t\t<div data-elementor-type=\"wp-page\" data-elementor-id=\"10213\" class=\"elementor elementor-10213\">\n\t\t\t\t\t\t<section class=\"elementor-section elementor-top-section elementor-element elementor-element-168e489 elementor-section-boxed elementor-section-height-default elementor-section-height-default qodef-elementor-content-no\" data-id=\"168e489\" data-element_type=\"section\">\n\t\t\t\t\t\t<div class=\"elementor-container elementor-column-gap-default\">\n\t\t\t\t\t<div class=\"elementor-column elementor-col-100 elementor-top-column elementor-element elementor-element-7e97c171\" data-id=\"7e97c171\" data-element_type=\"column\">\n\t\t\t<div class=\"elementor-widget-wrap elementor-element-populated\">\n\t\t\t\t\t\t<div class=\"elementor-element elementor-element-7e7c7be3 elementor-widget elementor-widget-text-editor\" data-id=\"7e7c7be3\" data-element_type=\"widget\" data-widget_type=\"text-editor.default\">\n\t\t\t\t<div class=\"elementor-widget-container\">\n\t\t\t\t\t\t\t\t\t<p><\/p>\n<p style=\"font-weight: 400;\"><u>Editeur du site <\/u><\/p>\n<p style=\"font-weight: 400;\">Le site internet <a href=\"http:\/\/www.initinere.fr\/\">www.initinere.fr<\/a> est \u00e9dit\u00e9 par IN ITINERE S.A.S.<\/p>\n<ul style=\"font-weight: 400;\">\n<li>914 439 062 R.C.S. Paris<\/li>\n<li>Num\u00e9ro de Siret :&nbsp; 914&nbsp;439&nbsp;062&nbsp;000 11<\/li>\n<li>Num\u00e9ro de TVA Intracommunautaire : FR58914439062&nbsp;&nbsp;<\/li>\n<li>Directrice de la publication&nbsp;: Isabelle LESCANNE<\/li>\n<\/ul>\n<p style=\"font-weight: 400;\"><span style=\"text-decoration: underline;\">R\u00e9alis\u00e9 par<\/span><\/p>\n<ul style=\"font-weight: 400;\">\n<li>Agence ZIGZAG, agence de communication engag\u00e9e<\/li>\n<li>Adresse&nbsp;: 2 ter rue Georges Charpak 76130 Mont-Saint-Aignan<\/li>\n<li><a href=\"mailto:contact@agencezigzag.fr\">contact@agencezigzag.fr<\/a><\/li>\n<li>Site internet&nbsp;: <a href=\"http:\/\/www.agencezigzag.fr\/\">www.agencezigzag.fr<\/a><\/li>\n<\/ul>\n<p style=\"font-weight: 400;\"><u>H\u00e9bergeur <\/u><\/p>\n<ul>\n<li style=\"font-weight: 400;\">Soci\u00e9t\u00e9 OVH<\/li>\n<li style=\"font-weight: 400;\">Si\u00e8ge social : 2 rue Kellermann \u2013 59100 Roubaix, France<\/li>\n<li style=\"font-weight: 400;\">T\u00e9l\u00e9phone : +33 (0)8 99 70 17 61&nbsp;<\/li>\n<li style=\"font-weight: 400;\">Site web :&nbsp;&nbsp;<a href=\"http:\/\/www.ovh.com\/\">www.ovh.com<\/a><\/li>\n<\/ul>\n<p><\/p>\t\t\t\t\t\t\t\t<\/div>\n\t\t\t\t<\/div>\n\t\t\t\t\t<\/div>\n\t\t<\/div>\n\t\t\t\t\t<\/div>\n\t\t<\/section>\n\t\t\t\t<\/div>\n\t\t","protected":false},"excerpt":{"rendered":"<p>Editeur du site Le site internet www.initinere.fr est \u00e9dit\u00e9 par IN ITINERE S.A.S. 914 439 062 R.C.S. Paris Num\u00e9ro de Siret :&nbsp; 914&nbsp;439&nbsp;062&nbsp;000 11 Num\u00e9ro de TVA Intracommunautaire : FR58914439062&nbsp;&nbsp; Directrice de la publication&nbsp;: Isabelle LESCANNE R\u00e9alis\u00e9 par Agence ZIGZAG, agence de communication engag\u00e9e Adresse&nbsp;: 2 ter rue Georges Charpak 76130 Mont-Saint-Aignan contact@agencezigzag.fr Site internet&nbsp;: [&hellip;]<\/p>\n","protected":false},"author":1,"featured_media":0,"parent":0,"menu_order":0,"comment_status":"closed","ping_status":"closed","template":"","meta":{"om_disable_all_campaigns":false,"_monsterinsights_skip_tracking":false,"_monsterinsights_sitenote_active":false,"_monsterinsights_sitenote_note":"","_monsterinsights_sitenote_category":0,"footnotes":""},"class_list":["post-10213","page","type-page","status-publish","hentry"],"aioseo_notices":[],"yoast_head":"<!-- This site is optimized with the Yoast SEO plugin v25.7 - https:\/\/yoast.com\/wordpress\/plugins\/seo\/ -->\n<title>Mentions l\u00e9gales - IN ITINERE<\/title>\n<meta name=\"robots\" content=\"index, follow, max-snippet:-1, max-image-preview:large, max-video-preview:-1\" \/>\n<link rel=\"canonical\" href=\"https:\/\/initinere.fr\/?page_id=10213\" \/>\n<meta property=\"og:locale\" content=\"fr_FR\" \/>\n<meta property=\"og:type\" content=\"article\" \/>\n<meta property=\"og:title\" content=\"Mentions l\u00e9gales - IN ITINERE\" \/>\n<meta property=\"og:description\" content=\"Editeur du site Le site internet www.initinere.fr est \u00e9dit\u00e9 par IN ITINERE S.A.S. 914 439 062 R.C.S. Paris Num\u00e9ro de Siret :&nbsp; 914&nbsp;439&nbsp;062&nbsp;000 11 Num\u00e9ro de TVA Intracommunautaire : FR58914439062&nbsp;&nbsp; Directrice de la publication&nbsp;: Isabelle LESCANNE R\u00e9alis\u00e9 par Agence ZIGZAG, agence de communication engag\u00e9e Adresse&nbsp;: 2 ter rue Georges Charpak 76130 Mont-Saint-Aignan contact@agencezigzag.fr Site internet&nbsp;: [&hellip;]\" \/>\n<meta property=\"og:url\" content=\"https:\/\/initinere.fr\/?page_id=10213\" \/>\n<meta property=\"og:site_name\" content=\"IN ITINERE\" \/>\n<meta property=\"article:modified_time\" content=\"2024-04-23T14:25:54+00:00\" \/>\n<meta name=\"twitter:card\" content=\"summary_large_image\" \/>\n<meta name=\"twitter:label1\" content=\"Dur\u00e9e de lecture estim\u00e9e\" \/>\n\t<meta name=\"twitter:data1\" content=\"1 minute\" \/>\n<script type=\"application\/ld+json\" class=\"yoast-schema-graph\">{\"@context\":\"https:\/\/schema.org\",\"@graph\":[{\"@type\":\"WebPage\",\"@id\":\"https:\/\/initinere.fr\/?page_id=10213\",\"url\":\"https:\/\/initinere.fr\/?page_id=10213\",\"name\":\"Mentions l\u00e9gales - IN ITINERE\",\"isPartOf\":{\"@id\":\"https:\/\/initinere.fr\/#website\"},\"datePublished\":\"2021-10-04T08:13:20+00:00\",\"dateModified\":\"2024-04-23T14:25:54+00:00\",\"breadcrumb\":{\"@id\":\"https:\/\/initinere.fr\/?page_id=10213#breadcrumb\"},\"inLanguage\":\"fr-FR\",\"potentialAction\":[{\"@type\":\"ReadAction\",\"target\":[\"https:\/\/initinere.fr\/?page_id=10213\"]}]},{\"@type\":\"BreadcrumbList\",\"@id\":\"https:\/\/initinere.fr\/?page_id=10213#breadcrumb\",\"itemListElement\":[{\"@type\":\"ListItem\",\"position\":1,\"name\":\"Accueil\",\"item\":\"https:\/\/initinere.fr\/\"},{\"@type\":\"ListItem\",\"position\":2,\"name\":\"Mentions l\u00e9gales\"}]},{\"@type\":\"WebSite\",\"@id\":\"https:\/\/initinere.fr\/#website\",\"url\":\"https:\/\/initinere.fr\/\",\"name\":\"IN ITINERE\",\"description\":\"Rendre compte par la confiance\",\"publisher\":{\"@id\":\"https:\/\/initinere.fr\/#organization\"},\"potentialAction\":[{\"@type\":\"SearchAction\",\"target\":{\"@type\":\"EntryPoint\",\"urlTemplate\":\"https:\/\/initinere.fr\/?s={search_term_string}\"},\"query-input\":{\"@type\":\"PropertyValueSpecification\",\"valueRequired\":true,\"valueName\":\"search_term_string\"}}],\"inLanguage\":\"fr-FR\"},{\"@type\":\"Organization\",\"@id\":\"https:\/\/initinere.fr\/#organization\",\"name\":\"IN ITINERE\",\"url\":\"https:\/\/initinere.fr\/\",\"logo\":{\"@type\":\"ImageObject\",\"inLanguage\":\"fr-FR\",\"@id\":\"https:\/\/initinere.fr\/#\/schema\/logo\/image\/\",\"url\":\"https:\/\/initinere.fr\/wp-content\/uploads\/2022\/12\/cropped-initinere.png\",\"contentUrl\":\"https:\/\/initinere.fr\/wp-content\/uploads\/2022\/12\/cropped-initinere.png\",\"width\":212,\"height\":126,\"caption\":\"IN ITINERE\"},\"image\":{\"@id\":\"https:\/\/initinere.fr\/#\/schema\/logo\/image\/\"},\"sameAs\":[\"https:\/\/www.linkedin.com\/in\/isabelle-lescanne-sauguet-a206a959\/?originalSubdomain=fr\",\"https:\/\/www.linkedin.com\/search\/results\/all\/?heroEntityKey=urnlifsd_profileACoAAAQvgXMBGrSZmq_iGv1jGJlp0oEMyRjqThQ&amp;amp;ampampkeywords=pascalelevet&amp;amp;ampamporigin=RICH_QUERY_SUGGESTION&amp;amp;ampampposition=0&amp;amp;ampampsearchId=b147fc7e-352c-4d74-80bc-4c446192c866&amp;amp;ampampsid=Ro\",\"https:\/\/www.linkedin.com\/search\/results\/all\/?heroEntityKey=urnlifsd_profileACoAAAS9hpEBb6-XOzdZGVcXfasKs6qO5gKF9Tw&amp;amp;ampampkeywords=aurlieghemourikrief&amp;amp;ampamporigin=RICH_QUERY_SUGGESTION&amp;amp;ampampposition=0&amp;amp;ampampsearchId=f2293d4f-84e9-4f00-bea9-83d638904776&amp;amp;ampampsid=vQK\"]}]}<\/script>\n<!-- \/ Yoast SEO plugin. -->","yoast_head_json":{"title":"Mentions l\u00e9gales - IN ITINERE","robots":{"index":"index","follow":"follow","max-snippet":"max-snippet:-1","max-image-preview":"max-image-preview:large","max-video-preview":"max-video-preview:-1"},"canonical":"https:\/\/initinere.fr\/?page_id=10213","og_locale":"fr_FR","og_type":"article","og_title":"Mentions l\u00e9gales - IN ITINERE","og_description":"Editeur du site Le site internet www.initinere.fr est \u00e9dit\u00e9 par IN ITINERE S.A.S. 914 439 062 R.C.S. Paris Num\u00e9ro de Siret :&nbsp; 914&nbsp;439&nbsp;062&nbsp;000 11 Num\u00e9ro de TVA Intracommunautaire : FR58914439062&nbsp;&nbsp; Directrice de la publication&nbsp;: Isabelle LESCANNE R\u00e9alis\u00e9 par Agence ZIGZAG, agence de communication engag\u00e9e Adresse&nbsp;: 2 ter rue Georges Charpak 76130 Mont-Saint-Aignan contact@agencezigzag.fr Site internet&nbsp;: [&hellip;]","og_url":"https:\/\/initinere.fr\/?page_id=10213","og_site_name":"IN ITINERE","article_modified_time":"2024-04-23T14:25:54+00:00","twitter_card":"summary_large_image","twitter_misc":{"Dur\u00e9e de lecture estim\u00e9e":"1 minute"},"schema":{"@context":"https:\/\/schema.org","@graph":[{"@type":"WebPage","@id":"https:\/\/initinere.fr\/?page_id=10213","url":"https:\/\/initinere.fr\/?page_id=10213","name":"Mentions l\u00e9gales - IN ITINERE","isPartOf":{"@id":"https:\/\/initinere.fr\/#website"},"datePublished":"2021-10-04T08:13:20+00:00","dateModified":"2024-04-23T14:25:54+00:00","breadcrumb":{"@id":"https:\/\/initinere.fr\/?page_id=10213#breadcrumb"},"inLanguage":"fr-FR","potentialAction":[{"@type":"ReadAction","target":["https:\/\/initinere.fr\/?page_id=10213"]}]},{"@type":"BreadcrumbList","@id":"https:\/\/initinere.fr\/?page_id=10213#breadcrumb","itemListElement":[{"@type":"ListItem","position":1,"name":"Accueil","item":"https:\/\/initinere.fr\/"},{"@type":"ListItem","position":2,"name":"Mentions l\u00e9gales"}]},{"@type":"WebSite","@id":"https:\/\/initinere.fr\/#website","url":"https:\/\/initinere.fr\/","name":"IN ITINERE","description":"Rendre compte par la confiance","publisher":{"@id":"https:\/\/initinere.fr\/#organization"},"potentialAction":[{"@type":"SearchAction","target":{"@type":"EntryPoint","urlTemplate":"https:\/\/initinere.fr\/?s={search_term_string}"},"query-input":{"@type":"PropertyValueSpecification","valueRequired":true,"valueName":"search_term_string"}}],"inLanguage":"fr-FR"},{"@type":"Organization","@id":"https:\/\/initinere.fr\/#organization","name":"IN ITINERE","url":"https:\/\/initinere.fr\/","logo":{"@type":"ImageObject","inLanguage":"fr-FR","@id":"https:\/\/initinere.fr\/#\/schema\/logo\/image\/","url":"https:\/\/initinere.fr\/wp-content\/uploads\/2022\/12\/cropped-initinere.png","contentUrl":"https:\/\/initinere.fr\/wp-content\/uploads\/2022\/12\/cropped-initinere.png","width":212,"height":126,"caption":"IN ITINERE"},"image":{"@id":"https:\/\/initinere.fr\/#\/schema\/logo\/image\/"},"sameAs":["https:\/\/www.linkedin.com\/in\/isabelle-lescanne-sauguet-a206a959\/?originalSubdomain=fr","https:\/\/www.linkedin.com\/search\/results\/all\/?heroEntityKey=urnlifsd_profileACoAAAQvgXMBGrSZmq_iGv1jGJlp0oEMyRjqThQ&amp;amp;ampampkeywords=pascalelevet&amp;amp;ampamporigin=RICH_QUERY_SUGGESTION&amp;amp;ampampposition=0&amp;amp;ampampsearchId=b147fc7e-352c-4d74-80bc-4c446192c866&amp;amp;ampampsid=Ro","https:\/\/www.linkedin.com\/search\/results\/all\/?heroEntityKey=urnlifsd_profileACoAAAS9hpEBb6-XOzdZGVcXfasKs6qO5gKF9Tw&amp;amp;ampampkeywords=aurlieghemourikrief&amp;amp;ampamporigin=RICH_QUERY_SUGGESTION&amp;amp;ampampposition=0&amp;amp;ampampsearchId=f2293d4f-84e9-4f00-bea9-83d638904776&amp;amp;ampampsid=vQK"]}]}},"_links":{"self":[{"href":"https:\/\/initinere.fr\/index.php?rest_route=\/wp\/v2\/pages\/10213","targetHints":{"allow":["GET"]}}],"collection":[{"href":"https:\/\/initinere.fr\/index.php?rest_route=\/wp\/v2\/pages"}],"about":[{"href":"https:\/\/initinere.fr\/index.php?rest_route=\/wp\/v2\/types\/page"}],"author":[{"embeddable":true,"href":"https:\/\/initinere.fr\/index.php?rest_route=\/wp\/v2\/users\/1"}],"replies":[{"embeddable":true,"href":"https:\/\/initinere.fr\/index.php?rest_route=%2Fwp%2Fv2%2Fcomments&post=10213"}],"version-history":[{"count":20,"href":"https:\/\/initinere.fr\/index.php?rest_route=\/wp\/v2\/pages\/10213\/revisions"}],"predecessor-version":[{"id":11411,"href":"https:\/\/initinere.fr\/index.php?rest_route=\/wp\/v2\/pages\/10213\/revisions\/11411"}],"wp:attachment":[{"href":"https:\/\/initinere.fr\/index.php?rest_route=%2Fwp%2Fv2%2Fmedia&parent=10213"}],"curies":[{"name":"wp","href":"https:\/\/api.w.org\/{rel}","templated":true}]}}