{"id":12028,"date":"2025-04-07T17:31:58","date_gmt":"2025-04-07T15:31:58","guid":{"rendered":"https:\/\/initinere.fr\/?page_id=12028"},"modified":"2025-05-30T15:31:54","modified_gmt":"2025-05-30T13:31:54","slug":"actualites","status":"publish","type":"page","link":"http:\/\/initinere.fr\/?page_id=12028","title":{"rendered":"Actualit\u00e9s"},"content":{"rendered":"\t\t<div data-elementor-type=\"wp-page\" data-elementor-id=\"12028\" class=\"elementor elementor-12028\">\n\t\t\t\t\t\t<section class=\"elementor-section elementor-top-section elementor-element elementor-element-f996e64 elementor-section-boxed elementor-section-height-default elementor-section-height-default qodef-elementor-content-no\" data-id=\"f996e64\" data-element_type=\"section\">\n\t\t\t\t\t\t<div class=\"elementor-container elementor-column-gap-default\">\n\t\t\t\t\t<div class=\"elementor-column elementor-col-100 elementor-top-column elementor-element elementor-element-f153231\" data-id=\"f153231\" data-element_type=\"column\">\n\t\t\t<div class=\"elementor-widget-wrap\">\n\t\t\t\t\t\t\t<\/div>\n\t\t<\/div>\n\t\t\t\t\t<\/div>\n\t\t<\/section>\n\t\t\t\t<section class=\"elementor-section elementor-top-section elementor-element elementor-element-4c9dc51 elementor-section-boxed elementor-section-height-default elementor-section-height-default qodef-elementor-content-no\" data-id=\"4c9dc51\" data-element_type=\"section\">\n\t\t\t\t\t\t<div class=\"elementor-container elementor-column-gap-default\">\n\t\t\t\t\t<div class=\"elementor-column elementor-col-100 elementor-top-column elementor-element elementor-element-688e143\" data-id=\"688e143\" data-element_type=\"column\">\n\t\t\t<div class=\"elementor-widget-wrap elementor-element-populated\">\n\t\t\t\t\t\t<div class=\"elementor-element elementor-element-b6b62a3 elementor-widget elementor-widget-qi_addons_for_elementor_blog_slider\" data-id=\"b6b62a3\" data-element_type=\"widget\" data-widget_type=\"qi_addons_for_elementor_blog_slider.default\">\n\t\t\t\t<div class=\"elementor-widget-container\">\n\t\t\t\t\t<div class=\"qodef-shortcode qodef-m qodef-addons-blog-slider qodef-item-layout--boxed qodef-info-no-icons qodef-image--hover-zoom qodef-qi-grid qodef-qi-swiper-container qodef-item-layout--boxed qodef-navigation--inside qodef-pagination--inside qodef-navigation--hover-move\" data-options=\"{&quot;direction&quot;:&quot;horizontal&quot;,&quot;slidesPerView&quot;:&quot;3&quot;,&quot;spaceBetween&quot;:30,&quot;spaceBetweenTablet&quot;:30,&quot;spaceBetweenMobile&quot;:30,&quot;effect&quot;:&quot;&quot;,&quot;loop&quot;:true,&quot;autoplay&quot;:true,&quot;centeredSlides&quot;:false,&quot;speed&quot;:&quot;&quot;,&quot;speedAnimation&quot;:&quot;&quot;,&quot;outsideNavigation&quot;:&quot;no&quot;,&quot;outsidePagination&quot;:&quot;no&quot;,&quot;unique&quot;:&quot;1&quot;,&quot;partialValue&quot;:0,&quot;disablePartialValue&quot;:&quot;&quot;,&quot;parallax&quot;:&quot;no&quot;}\">\n\t<div class=\"swiper-wrapper\">\n\t\t<article class=\"qodef-e qodef-blog-item swiper-slide qodef-item--full post-12514 post type-post status-publish format-standard hentry category-non-classe\">\n\t<div class=\"qodef-e-inner\">\n\t\t<div class=\"qodef-e-media-holder\">\n\t\t\t<div class=\"qodef-e-media\">\n\t<\/div>\n<div itemprop=\"dateCreated\" class=\"qodef-e-info-item qodef-e-info-date entry-date \">\n\t<a itemprop=\"url\" href=\"http:\/\/initinere.fr\/?m=202604\">\n\t\t3 Avr\t<\/a>\n<\/div>\n\t\t<\/div>\n\t\t<div class=\"qodef-e-content\">\n\t\t\t\t\t\t\t<div class=\"qodef-e-info qodef-info--top\">\n\t\t\t\t\t<div class=\"qodef-e-info-item qodef-e-info-category\">\n\t\t<a href=\"http:\/\/initinere.fr\/?cat=1\" rel=\"category\">Non class\u00e9<\/a><\/div>\n\t\t\t\t<\/div>\n\t\t\t\t\t\t<div class=\"qodef-e-text\">\n\t\t\t\t<h5 itemprop=\"name\" class=\"qodef-e-title entry-title\">\n\t<a itemprop=\"url\" class=\"qodef-e-title-link\" href=\"http:\/\/initinere.fr\/?p=12514\">\n\t\tS\u00e9minaire des entreprises \u00e0 mission le 28 avril 2026\t<\/a>\n<\/h5>\n\t\t<p itemprop=\"description\" class=\"qodef-e-excerpt\">\n\t\t\tIn Itinere partenaire du s\u00e9minaire \u00ab\u00a0Entreprises \u00e0 Mission\u00a0\u00bb \u00e0 Rouen La\u00a0M\u00e9tropole Rouen Normandie\u00a0et la\u00a0Communaut\u00e9 des entreprises \u00e0 mission\u00a0organisent une journ\u00e9e d\t\t<\/p>\n\t\t\t\t<\/div>\n\t\t\t\t\t\t\t<div class=\"qodef-e-info qodef-info--bottom\">\n\t\t\t\t\t\t<div class=\"qodef-e-read-more\">\n\t\t<a class=\"qodef-shortcode qodef-m qodef-qi-button qodef-html--link qodef-layout--filled qodef-type--standard qodef-icon--right qodef-hover--icon-move-horizontal-short\" href=\"http:\/\/initinere.fr\/?p=12514\" target=\"_self\">\t<span class=\"qodef-m-text\">Lire la suite<\/span>\t<\/a>\t<\/div>\n\t\t\t\t<\/div>\n\t\t\t\t\t<\/div>\n\t<\/div>\n<\/article>\n<article class=\"qodef-e qodef-blog-item swiper-slide qodef-item--full post-12420 post type-post status-publish format-standard hentry category-bussines category-economy\">\n\t<div class=\"qodef-e-inner\">\n\t\t<div class=\"qodef-e-media-holder\">\n\t\t\t<div class=\"qodef-e-media\">\n\t<\/div>\n<div itemprop=\"dateCreated\" class=\"qodef-e-info-item qodef-e-info-date entry-date \">\n\t<a itemprop=\"url\" href=\"http:\/\/initinere.fr\/?m=202507\">\n\t\t20 Juil\t<\/a>\n<\/div>\n\t\t<\/div>\n\t\t<div class=\"qodef-e-content\">\n\t\t\t\t\t\t\t<div class=\"qodef-e-info qodef-info--top\">\n\t\t\t\t\t<div class=\"qodef-e-info-item qodef-e-info-category\">\n\t\t<a href=\"http:\/\/initinere.fr\/?cat=16\" rel=\"category\">Bussines<\/a><span class=\"qodef-category-separator\"><\/span><a href=\"http:\/\/initinere.fr\/?cat=17\" rel=\"category\">Economy<\/a><\/div>\n\t\t\t\t<\/div>\n\t\t\t\t\t\t<div class=\"qodef-e-text\">\n\t\t\t\t<h5 itemprop=\"name\" class=\"qodef-e-title entry-title\">\n\t<a itemprop=\"url\" class=\"qodef-e-title-link\" href=\"http:\/\/initinere.fr\/?p=12420\">\n\t\tMission et CSRD : le backlash ne freine pas les entreprises qui savent o\u00f9 elles vont\t<\/a>\n<\/h5>\n\t\t<p itemprop=\"description\" class=\"qodef-e-excerpt\">\n\t\t\t\t\t<\/p>\n\t\t\t\t<\/div>\n\t\t\t\t\t\t\t<div class=\"qodef-e-info qodef-info--bottom\">\n\t\t\t\t\t\t<div class=\"qodef-e-read-more\">\n\t\t<a class=\"qodef-shortcode qodef-m qodef-qi-button qodef-html--link qodef-layout--filled qodef-type--standard qodef-icon--right qodef-hover--icon-move-horizontal-short\" href=\"http:\/\/initinere.fr\/?p=12420\" target=\"_self\">\t<span class=\"qodef-m-text\">Lire la suite<\/span>\t<\/a>\t<\/div>\n\t\t\t\t<\/div>\n\t\t\t\t\t<\/div>\n\t<\/div>\n<\/article>\n<article class=\"qodef-e qodef-blog-item swiper-slide qodef-item--full post-12215 post type-post status-publish format-standard hentry category-economy category-finance\">\n\t<div class=\"qodef-e-inner\">\n\t\t<div class=\"qodef-e-media-holder\">\n\t\t\t<div class=\"qodef-e-media\">\n\t<\/div>\n<div itemprop=\"dateCreated\" class=\"qodef-e-info-item qodef-e-info-date entry-date \">\n\t<a itemprop=\"url\" href=\"http:\/\/initinere.fr\/?m=202310\">\n\t\t3 Oct\t<\/a>\n<\/div>\n\t\t<\/div>\n\t\t<div class=\"qodef-e-content\">\n\t\t\t\t\t\t\t<div class=\"qodef-e-info qodef-info--top\">\n\t\t\t\t\t<div class=\"qodef-e-info-item qodef-e-info-category\">\n\t\t<a href=\"http:\/\/initinere.fr\/?cat=17\" rel=\"category\">Economy<\/a><span class=\"qodef-category-separator\"><\/span><a href=\"http:\/\/initinere.fr\/?cat=18\" rel=\"category\">Finance<\/a><\/div>\n\t\t\t\t<\/div>\n\t\t\t\t\t\t<div class=\"qodef-e-text\">\n\t\t\t\t<h5 itemprop=\"name\" class=\"qodef-e-title entry-title\">\n\t<a itemprop=\"url\" class=\"qodef-e-title-link\" href=\"http:\/\/initinere.fr\/?p=12215\">\n\t\tLe reporting sur la durabilit\u00e9 ne doit pas masquer la n\u00e9cessaire r\u00e9forme des entreprises europ\u00e9ennes\t<\/a>\n<\/h5>\n\t\t<p itemprop=\"description\" class=\"qodef-e-excerpt\">\n\t\t\tPubli\u00e9 le 3 octobre 2023 par Le Monde Dans sa chronique, le professeur des sciences de gestion Armand Hatchuel interroge les cons\u00e9quences de la directive europ\u00e9enne CSRD, qui ob\t\t<\/p>\n\t\t\t\t<\/div>\n\t\t\t\t\t\t\t<div class=\"qodef-e-info qodef-info--bottom\">\n\t\t\t\t\t\t<div class=\"qodef-e-read-more\">\n\t\t<a class=\"qodef-shortcode qodef-m qodef-qi-button qodef-html--link qodef-layout--filled qodef-type--standard qodef-icon--right qodef-hover--icon-move-horizontal-short\" href=\"http:\/\/initinere.fr\/?p=12215\" target=\"_self\">\t<span class=\"qodef-m-text\">Lire la suite<\/span>\t<\/a>\t<\/div>\n\t\t\t\t<\/div>\n\t\t\t\t\t<\/div>\n\t<\/div>\n<\/article>\n<article class=\"qodef-e qodef-blog-item swiper-slide qodef-item--full post-11983 post type-post status-publish format-standard hentry category-bussines\">\n\t<div class=\"qodef-e-inner\">\n\t\t<div class=\"qodef-e-media-holder\">\n\t\t\t<div class=\"qodef-e-media\">\n\t<\/div>\n<div itemprop=\"dateCreated\" class=\"qodef-e-info-item qodef-e-info-date entry-date \">\n\t<a itemprop=\"url\" href=\"http:\/\/initinere.fr\/?m=202502\">\n\t\t11 F\u00e9v\t<\/a>\n<\/div>\n\t\t<\/div>\n\t\t<div class=\"qodef-e-content\">\n\t\t\t\t\t\t\t<div class=\"qodef-e-info qodef-info--top\">\n\t\t\t\t\t<div class=\"qodef-e-info-item qodef-e-info-category\">\n\t\t<a href=\"http:\/\/initinere.fr\/?cat=16\" rel=\"category\">Bussines<\/a><\/div>\n\t\t\t\t<\/div>\n\t\t\t\t\t\t<div class=\"qodef-e-text\">\n\t\t\t\t<h5 itemprop=\"name\" class=\"qodef-e-title entry-title\">\n\t<a itemprop=\"url\" class=\"qodef-e-title-link\" href=\"http:\/\/initinere.fr\/?p=11983\">\n\t\tCSRD : comment \u00ab\u00a0l&rsquo;opportunisme\u00a0\u00bb des cabinets de conseil a plomb\u00e9 la directive\t<\/a>\n<\/h5>\n\t\t<p itemprop=\"description\" class=\"qodef-e-excerpt\">\n\t\t\tPubli\u00e9 le 11 f\u00e9vrier 2025 par Novethic Avec la mont\u00e9e des obligations r\u00e9glementaires, un march\u00e9 florissant du reporting ESG s&rsquo;est cr\u00e9\u00e9, attirant aussi bien les grandes\t\t<\/p>\n\t\t\t\t<\/div>\n\t\t\t\t\t\t\t<div class=\"qodef-e-info qodef-info--bottom\">\n\t\t\t\t\t\t<div class=\"qodef-e-read-more\">\n\t\t<a class=\"qodef-shortcode qodef-m qodef-qi-button qodef-html--link qodef-layout--filled qodef-type--standard qodef-icon--right qodef-hover--icon-move-horizontal-short\" href=\"http:\/\/initinere.fr\/?p=11983\" target=\"_self\">\t<span class=\"qodef-m-text\">Lire la suite<\/span>\t<\/a>\t<\/div>\n\t\t\t\t<\/div>\n\t\t\t\t\t<\/div>\n\t<\/div>\n<\/article>\n\t<\/div>\n\t\t<div class=\"swiper-button-prev\"><svg class=\"qodef-swiper-arrow-left\" xmlns=\"http:\/\/www.w3.org\/2000\/svg\" x=\"0px\" y=\"0px\" viewBox=\"0 0 34.2 32.3\" xml:space=\"preserve\" style=\"stroke-width: 2;\"><line x1=\"0.5\" y1=\"16\" x2=\"33.5\" y2=\"16\"\/><line x1=\"0.3\" y1=\"16.5\" x2=\"16.2\" y2=\"0.7\"\/><line x1=\"0\" y1=\"15.4\" x2=\"16.2\" y2=\"31.6\"\/><\/svg><\/div>\n\t<div class=\"swiper-button-next\"><svg class=\"qodef-swiper-arrow-right\" xmlns=\"http:\/\/www.w3.org\/2000\/svg\" x=\"0px\" y=\"0px\" viewBox=\"0 0 34.2 32.3\" xml:space=\"preserve\" style=\"stroke-width: 2;\"><line x1=\"0\" y1=\"16\" x2=\"33\" y2=\"16\"\/><line x1=\"17.3\" y1=\"0.7\" x2=\"33.2\" y2=\"16.5\"\/><line x1=\"17.3\" y1=\"31.6\" x2=\"33.5\" y2=\"15.4\"\/><\/svg><\/div>\n\t<div class=\"swiper-pagination\"><\/div>\n<\/div>\n\t\t\t\t<\/div>\n\t\t\t\t<\/div>\n\t\t\t\t\t<\/div>\n\t\t<\/div>\n\t\t\t\t\t<\/div>\n\t\t<\/section>\n\t\t\t\t<\/div>\n\t\t","protected":false},"excerpt":{"rendered":"<p>8 Avr Non class\u00e9 Le reporting sur la durabilit\u00e9 ne doit pas masquer la n\u00e9cessaire r\u00e9forme des entreprises europ\u00e9ennes Publi\u00e9 le 3 octobre 2023 Dans sa chronique, le professeur des sciences de gestion Armand Hatchuel interroge les cons\u00e9quences de la directive europ\u00e9enne CSRD, qui oblige les soci Lire la suite 7 Avr Bussines CSRD : [&hellip;]<\/p>\n","protected":false},"author":1,"featured_media":0,"parent":0,"menu_order":0,"comment_status":"closed","ping_status":"closed","template":"","meta":{"om_disable_all_campaigns":false,"_monsterinsights_skip_tracking":false,"_monsterinsights_sitenote_active":false,"_monsterinsights_sitenote_note":"","_monsterinsights_sitenote_category":0,"footnotes":""},"class_list":["post-12028","page","type-page","status-publish","hentry"],"aioseo_notices":[],"yoast_head":"<!-- This site is optimized with the Yoast SEO plugin v25.7 - https:\/\/yoast.com\/wordpress\/plugins\/seo\/ -->\n<title>Actualit\u00e9s - IN ITINERE<\/title>\n<meta name=\"robots\" content=\"index, follow, max-snippet:-1, max-image-preview:large, max-video-preview:-1\" \/>\n<link rel=\"canonical\" href=\"http:\/\/initinere.fr\/?page_id=12028\" \/>\n<meta property=\"og:locale\" content=\"fr_FR\" \/>\n<meta property=\"og:type\" content=\"article\" \/>\n<meta property=\"og:title\" content=\"Actualit\u00e9s - IN ITINERE\" \/>\n<meta property=\"og:description\" content=\"8 Avr Non class\u00e9 Le reporting sur la durabilit\u00e9 ne doit pas masquer la n\u00e9cessaire r\u00e9forme des entreprises europ\u00e9ennes Publi\u00e9 le 3 octobre 2023 Dans sa chronique, le professeur des sciences de gestion Armand Hatchuel interroge les cons\u00e9quences de la directive europ\u00e9enne CSRD, qui oblige les soci Lire la suite 7 Avr Bussines CSRD : [&hellip;]\" \/>\n<meta property=\"og:url\" content=\"http:\/\/initinere.fr\/?page_id=12028\" \/>\n<meta property=\"og:site_name\" content=\"IN ITINERE\" \/>\n<meta property=\"article:modified_time\" content=\"2025-05-30T13:31:54+00:00\" \/>\n<meta name=\"twitter:card\" content=\"summary_large_image\" \/>\n<meta name=\"twitter:label1\" content=\"Dur\u00e9e de lecture estim\u00e9e\" \/>\n\t<meta name=\"twitter:data1\" content=\"2 minutes\" \/>\n<script type=\"application\/ld+json\" class=\"yoast-schema-graph\">{\"@context\":\"https:\/\/schema.org\",\"@graph\":[{\"@type\":\"WebPage\",\"@id\":\"http:\/\/initinere.fr\/?page_id=12028\",\"url\":\"http:\/\/initinere.fr\/?page_id=12028\",\"name\":\"Actualit\u00e9s - IN ITINERE\",\"isPartOf\":{\"@id\":\"https:\/\/initinere.fr\/#website\"},\"datePublished\":\"2025-04-07T15:31:58+00:00\",\"dateModified\":\"2025-05-30T13:31:54+00:00\",\"breadcrumb\":{\"@id\":\"http:\/\/initinere.fr\/?page_id=12028#breadcrumb\"},\"inLanguage\":\"fr-FR\",\"potentialAction\":[{\"@type\":\"ReadAction\",\"target\":[\"http:\/\/initinere.fr\/?page_id=12028\"]}]},{\"@type\":\"BreadcrumbList\",\"@id\":\"http:\/\/initinere.fr\/?page_id=12028#breadcrumb\",\"itemListElement\":[{\"@type\":\"ListItem\",\"position\":1,\"name\":\"Accueil\",\"item\":\"https:\/\/initinere.fr\/\"},{\"@type\":\"ListItem\",\"position\":2,\"name\":\"Actualit\u00e9s\"}]},{\"@type\":\"WebSite\",\"@id\":\"https:\/\/initinere.fr\/#website\",\"url\":\"https:\/\/initinere.fr\/\",\"name\":\"IN ITINERE\",\"description\":\"Rendre compte par la confiance\",\"publisher\":{\"@id\":\"https:\/\/initinere.fr\/#organization\"},\"potentialAction\":[{\"@type\":\"SearchAction\",\"target\":{\"@type\":\"EntryPoint\",\"urlTemplate\":\"https:\/\/initinere.fr\/?s={search_term_string}\"},\"query-input\":{\"@type\":\"PropertyValueSpecification\",\"valueRequired\":true,\"valueName\":\"search_term_string\"}}],\"inLanguage\":\"fr-FR\"},{\"@type\":\"Organization\",\"@id\":\"https:\/\/initinere.fr\/#organization\",\"name\":\"IN ITINERE\",\"url\":\"https:\/\/initinere.fr\/\",\"logo\":{\"@type\":\"ImageObject\",\"inLanguage\":\"fr-FR\",\"@id\":\"https:\/\/initinere.fr\/#\/schema\/logo\/image\/\",\"url\":\"http:\/\/initinere.fr\/wp-content\/uploads\/2022\/12\/cropped-initinere.png\",\"contentUrl\":\"http:\/\/initinere.fr\/wp-content\/uploads\/2022\/12\/cropped-initinere.png\",\"width\":212,\"height\":126,\"caption\":\"IN ITINERE\"},\"image\":{\"@id\":\"https:\/\/initinere.fr\/#\/schema\/logo\/image\/\"},\"sameAs\":[\"https:\/\/www.linkedin.com\/in\/isabelle-lescanne-sauguet-a206a959\/?originalSubdomain=fr\",\"https:\/\/www.linkedin.com\/search\/results\/all\/?heroEntityKey=urnlifsd_profileACoAAAQvgXMBGrSZmq_iGv1jGJlp0oEMyRjqThQ&amp;amp;ampampkeywords=pascalelevet&amp;amp;ampamporigin=RICH_QUERY_SUGGESTION&amp;amp;ampampposition=0&amp;amp;ampampsearchId=b147fc7e-352c-4d74-80bc-4c446192c866&amp;amp;ampampsid=Ro\",\"https:\/\/www.linkedin.com\/search\/results\/all\/?heroEntityKey=urnlifsd_profileACoAAAS9hpEBb6-XOzdZGVcXfasKs6qO5gKF9Tw&amp;amp;ampampkeywords=aurlieghemourikrief&amp;amp;ampamporigin=RICH_QUERY_SUGGESTION&amp;amp;ampampposition=0&amp;amp;ampampsearchId=f2293d4f-84e9-4f00-bea9-83d638904776&amp;amp;ampampsid=vQK\"]}]}<\/script>\n<!-- \/ Yoast SEO plugin. -->","yoast_head_json":{"title":"Actualit\u00e9s - IN ITINERE","robots":{"index":"index","follow":"follow","max-snippet":"max-snippet:-1","max-image-preview":"max-image-preview:large","max-video-preview":"max-video-preview:-1"},"canonical":"http:\/\/initinere.fr\/?page_id=12028","og_locale":"fr_FR","og_type":"article","og_title":"Actualit\u00e9s - IN ITINERE","og_description":"8 Avr Non class\u00e9 Le reporting sur la durabilit\u00e9 ne doit pas masquer la n\u00e9cessaire r\u00e9forme des entreprises europ\u00e9ennes Publi\u00e9 le 3 octobre 2023 Dans sa chronique, le professeur des sciences de gestion Armand Hatchuel interroge les cons\u00e9quences de la directive europ\u00e9enne CSRD, qui oblige les soci Lire la suite 7 Avr Bussines CSRD : [&hellip;]","og_url":"http:\/\/initinere.fr\/?page_id=12028","og_site_name":"IN ITINERE","article_modified_time":"2025-05-30T13:31:54+00:00","twitter_card":"summary_large_image","twitter_misc":{"Dur\u00e9e de lecture estim\u00e9e":"2 minutes"},"schema":{"@context":"https:\/\/schema.org","@graph":[{"@type":"WebPage","@id":"http:\/\/initinere.fr\/?page_id=12028","url":"http:\/\/initinere.fr\/?page_id=12028","name":"Actualit\u00e9s - IN ITINERE","isPartOf":{"@id":"https:\/\/initinere.fr\/#website"},"datePublished":"2025-04-07T15:31:58+00:00","dateModified":"2025-05-30T13:31:54+00:00","breadcrumb":{"@id":"http:\/\/initinere.fr\/?page_id=12028#breadcrumb"},"inLanguage":"fr-FR","potentialAction":[{"@type":"ReadAction","target":["http:\/\/initinere.fr\/?page_id=12028"]}]},{"@type":"BreadcrumbList","@id":"http:\/\/initinere.fr\/?page_id=12028#breadcrumb","itemListElement":[{"@type":"ListItem","position":1,"name":"Accueil","item":"https:\/\/initinere.fr\/"},{"@type":"ListItem","position":2,"name":"Actualit\u00e9s"}]},{"@type":"WebSite","@id":"https:\/\/initinere.fr\/#website","url":"https:\/\/initinere.fr\/","name":"IN ITINERE","description":"Rendre compte par la confiance","publisher":{"@id":"https:\/\/initinere.fr\/#organization"},"potentialAction":[{"@type":"SearchAction","target":{"@type":"EntryPoint","urlTemplate":"https:\/\/initinere.fr\/?s={search_term_string}"},"query-input":{"@type":"PropertyValueSpecification","valueRequired":true,"valueName":"search_term_string"}}],"inLanguage":"fr-FR"},{"@type":"Organization","@id":"https:\/\/initinere.fr\/#organization","name":"IN ITINERE","url":"https:\/\/initinere.fr\/","logo":{"@type":"ImageObject","inLanguage":"fr-FR","@id":"https:\/\/initinere.fr\/#\/schema\/logo\/image\/","url":"http:\/\/initinere.fr\/wp-content\/uploads\/2022\/12\/cropped-initinere.png","contentUrl":"http:\/\/initinere.fr\/wp-content\/uploads\/2022\/12\/cropped-initinere.png","width":212,"height":126,"caption":"IN ITINERE"},"image":{"@id":"https:\/\/initinere.fr\/#\/schema\/logo\/image\/"},"sameAs":["https:\/\/www.linkedin.com\/in\/isabelle-lescanne-sauguet-a206a959\/?originalSubdomain=fr","https:\/\/www.linkedin.com\/search\/results\/all\/?heroEntityKey=urnlifsd_profileACoAAAQvgXMBGrSZmq_iGv1jGJlp0oEMyRjqThQ&amp;amp;ampampkeywords=pascalelevet&amp;amp;ampamporigin=RICH_QUERY_SUGGESTION&amp;amp;ampampposition=0&amp;amp;ampampsearchId=b147fc7e-352c-4d74-80bc-4c446192c866&amp;amp;ampampsid=Ro","https:\/\/www.linkedin.com\/search\/results\/all\/?heroEntityKey=urnlifsd_profileACoAAAS9hpEBb6-XOzdZGVcXfasKs6qO5gKF9Tw&amp;amp;ampampkeywords=aurlieghemourikrief&amp;amp;ampamporigin=RICH_QUERY_SUGGESTION&amp;amp;ampampposition=0&amp;amp;ampampsearchId=f2293d4f-84e9-4f00-bea9-83d638904776&amp;amp;ampampsid=vQK"]}]}},"_links":{"self":[{"href":"http:\/\/initinere.fr\/index.php?rest_route=\/wp\/v2\/pages\/12028","targetHints":{"allow":["GET"]}}],"collection":[{"href":"http:\/\/initinere.fr\/index.php?rest_route=\/wp\/v2\/pages"}],"about":[{"href":"http:\/\/initinere.fr\/index.php?rest_route=\/wp\/v2\/types\/page"}],"author":[{"embeddable":true,"href":"http:\/\/initinere.fr\/index.php?rest_route=\/wp\/v2\/users\/1"}],"replies":[{"embeddable":true,"href":"http:\/\/initinere.fr\/index.php?rest_route=%2Fwp%2Fv2%2Fcomments&post=12028"}],"version-history":[{"count":8,"href":"http:\/\/initinere.fr\/index.php?rest_route=\/wp\/v2\/pages\/12028\/revisions"}],"predecessor-version":[{"id":12416,"href":"http:\/\/initinere.fr\/index.php?rest_route=\/wp\/v2\/pages\/12028\/revisions\/12416"}],"wp:attachment":[{"href":"http:\/\/initinere.fr\/index.php?rest_route=%2Fwp%2Fv2%2Fmedia&parent=12028"}],"curies":[{"name":"wp","href":"https:\/\/api.w.org\/{rel}","templated":true}]}}